{"id":23722,"date":"2025-04-08T09:46:51","date_gmt":"2025-04-08T09:46:51","guid":{"rendered":"https:\/\/beta.arabfamilybs.com\/?page_id=23722"},"modified":"2025-08-07T11:20:54","modified_gmt":"2025-08-07T11:20:54","slug":"b2b","status":"publish","type":"page","link":"https:\/\/ufuknesriyat.wp.sawaftech.com\/tr\/b2b\/","title":{"rendered":"B2B"},"content":{"rendered":"\n<div class=\"wp-block-wholesalex-forms wholesalex-form\"><style id=\"whx_form_css\"> :root { --wsx-input-color: #343A46;\n--wsx-input-bg: #FFF;\n--wsx-input-border-color: #E9E9F0;\n--wsx-input-placeholder-color: #6C6E77;\n--wsx-form-label-color: #343A46;\n--wsx-input-focus-color: #343A46;\n--wsx-input-focus-bg: #FFF;\n--wsx-input-focus-border-color: #6C6CFF;\n--wsx-form-label-color-active: #343A46;\n--wsx-input-warning-color: #FF6C6C;\n--wsx-input-warning-bg: #FFF;\n--wsx-input-warning-border-color: #FF6C6C;\n--wsx-form-label-color-warning: #343A46;\n--wsx-login-input-color: #343A46;\n--wsx-login-input-bg: #FFF;\n--wsx-login-input-border-color: #E9E9F0;\n--wsx-login-input-placeholder-color: #6C6E77;\n--wsx-login-form-label-color: #343A46;\n--wsx-login-input-focus-color: #343A46;\n--wsx-login-input-focus-bg: #FFF;\n--wsx-login-input-focus-border-color: #6C6CFF;\n--wsx-login-form-label-color-active: #343A46;\n--wsx-login-input-warning-color: #FF6C6C;\n--wsx-login-input-warning-bg: #FFF;\n--wsx-login-input-warning-border-color: #FF6C6C;\n--wsx-login-form-label-color-warning: #343A46;\n--wsx-form-button-color: #fff;\n--wsx-form-button-bg: #6C6CFF;\n--wsx-form-button-border-color: ;\n--wsx-form-button-hover-color: #fff;\n--wsx-form-button-hover-bg: #1a1ac3;\n--wsx-form-button-hover-border-color: ;\n--wsx-login-form-button-color: #fff;\n--wsx-login-form-button-bg: #6C6CFF;\n--wsx-login-form-button-border-color: ;\n--wsx-login-form-button-hover-color: #fff;\n--wsx-login-form-button-hover-bg: #1a1ac3;\n--wsx-login-form-button-hover-border-color: ;\n--wsx-form-container-bg: #FFF;\n--wsx-form-container-border-color: #E9E9F0;\n--wsx-form-reg-bg: #FFF;\n--wsx-form-reg-border-color: ;\n--wsx-login-bg: #FFF;\n--wsx-login-border-color: ;\n--wsx-form-label-font-size: 14px;\n--wsx-form-label-weight: 500;\n--wsx-form-label-case-transform: px;\n--wsx-input-font-size: 14px;\n--wsx-input-weight: 400;\n--wsx-input-case-transform: ;\n--wsx-form-button-font-size: 14px;\n--wsx-form-button-weight: 500;\n--wsx-form-button-case-transform: ;\n--wsx-input-padding: 16px;\n--wsx-input-width: 395px;\n--wsx-input-border-width: 1px;\n--wsx-input-border-radius: 2px;\n--wsx-form-button-padding: 13px;\n--wsx-form-button-width: 50%;\n--wsx-form-button-border-width: 0px;\n--wsx-form-button-border-radius: 2px;\n--wsx-form-button-align: left;\n--wsx-form-container-width: 1200px;\n--wsx-form-container-border-width: 1px;\n--wsx-form-container-border-radius: 16px;\n--wsx-form-container-padding: 0px;\n--wsx-form-container-separator: 1px;\n--wsx-login-width: px;\n--wsx-login-border-width: 0px;\n--wsx-login-padding: 54px;\n--wsx-login-border-radius: 16px;\n--wsx-form-reg-width: px;\n--wsx-form-reg-border-width: 0px;\n--wsx-form-reg-padding: 54px;\n--wsx-form-reg-border-radius: 16px;\n--wsx-login-title-font-size: 24px;\n--wsx-login-title-case-transform: ;\n--wsx-login-title-font-weight: 500;\n--wsx-login-title-color: #343A46;\n--wsx-login-description-font-size: 14px;\n--wsx-login-description-case-transform: ;\n--wsx-login-description-font-weight: 400;\n--wsx-login-description-color: #343A46;\n--wsx-reg-title-font-size: 24px;\n--wsx-reg-title-case-transform: ;\n--wsx-reg-title-font-weight: 500;\n--wsx-reg-title-color: #343A46;\n--wsx-reg-description-font-size: 14px;\n--wsx-reg-description-case-transform: ;\n--wsx-reg-description-font-weight: 400;\n--wsx-reg-description-color: #343A46; } <\/style><div class=\"woocommerce-notices-wrapper\"><\/div>\t\t\t<div id=\"whx_wrapper1\" class=\"wholesalex-form-wrapper wsx-form-wrapper_frontend wsx-without-login wsx_variation_1\">\n\t\t\t<div class=\"wholesalex_circular_loading__wrapper\">\n\t\t\t\t<div class=\"wholesalex_loading_spinner\">\n\t\t\t\t\t<svg viewBox=\"25 25 50 50\" class=\"move_circular\">\n\t\t\t\t\t\t<circle\n\t\t\t\t\t\t\tcx=\"50\"\n\t\t\t\t\t\t\tcy=\"50\"\n\t\t\t\t\t\t\tr=\"20\"\n\t\t\t\t\t\t\tfill=\"none\"\n\t\t\t\t\t\t\tclass=\"wholesalex_circular_loading_icon\"\n\t\t\t\t\t\t><\/circle>\n\t\t\t\t\t<\/svg>\n\t\t\t\t<\/div>\n\t\t\t<\/div>\n\t\t\t\t<form class=\"wholesalex-registration-form\" enctype=\"multipart\/form-data\">\n\t\t<div class=\"wsx-reg-form-heading\"><div class=\"wsx-reg-form-heading-text\">\u062a\u0633\u062c\u064a\u0644 \u062d\u0633\u0627\u0628 \u062c\u062f\u064a\u062f<\/div><div class=\"wholesalex-registration-form-subtitle-text\"><\/div><\/div>\t\t<div class=\"wholesalex-fields-wrapper wsx-reg-fields wsx-fields-container\">\n\t\t\t\t\t<div class=\"wsx-reg-form-row double-column\">\n\t\t\t\t\t\t\t\t\t\t<div data-wsx-exclude=\"\" class=\"wholesalex-registration-form-column left wsx-field  wsx-field-first_name\" style=\"\"> \n\t\t\t\t\t\t\n\t\t\t\t\t\t\t\t\t\t\t\t<div  class=\"wsx-form-field\">\n\t\t\t\t\t\t\t\t\t\t\t\t\t\t\t<div class=\"wsx-field-heading\">\n\t\t\t\t\t\t\t\t\t\t\t\t\t\t\t\t\t<label class='wsx-label wsx-label wsx-form-label' for=\"first_name\">\n\t\t\t\t\t\t\t\t\t\t\u0627\u0644\u0627\u0633\u0645 \u0627\u0644\u0623\u0648\u0644\t\t\t\t\t\t\t\t\t\t\t\t\t\t\t\t\t\t\t<\/label>\n\t\t\t\t\t\t\t\t\t\t\t\t\t\t\t\t<\/div>\n\t\t\t\t\t\t\t\t\t\t\t\t\t\t\t\n\t\t\t\t\t\t\t<input class=\"wsx-input\" id=\"first_name\" type=\"text\" name=\"first_name\"  placeholder=\"\u0627\u0644\u0627\u0633\u0645 \u0627\u0644\u0623\u0648\u0644\" \/>\n\t\t\t\t\t\t<\/div>\n\t\t\t\t\t\t\n\t\t\t\t\t\t\t\t\t\t\t\t<span class='wsx-form-field-warning-message first_name'><\/span>\n\t\t\t\t\t\t\t\t\t\t\t\t<\/div>\n\t\t\t\t\t\t\t\t\t\t\t\t<div data-wsx-exclude=\"\" class=\"wholesalex-registration-form-column right wsx-field  wsx-field-last_name\" style=\"\"> \n\t\t\t\t\t\t\n\t\t\t\t\t\t\t\t\t\t\t\t<div  class=\"wsx-form-field\">\n\t\t\t\t\t\t\t\t\t\t\t\t\t\t\t<div class=\"wsx-field-heading\">\n\t\t\t\t\t\t\t\t\t\t\t\t\t\t\t\t\t<label class='wsx-label wsx-label wsx-form-label' for=\"last_name\">\n\t\t\t\t\t\t\t\t\t\t\u0627\u0644\u0643\u0646\u064a\u0629\t\t\t\t\t\t\t\t\t\t\t\t\t\t\t\t\t\t\t<\/label>\n\t\t\t\t\t\t\t\t\t\t\t\t\t\t\t\t<\/div>\n\t\t\t\t\t\t\t\t\t\t\t\t\t\t\t\n\t\t\t\t\t\t\t<input class=\"wsx-input\" id=\"last_name\" type=\"text\" name=\"last_name\"  placeholder=\"\u0627\u0644\u0643\u0646\u064a\u0629\" \/>\n\t\t\t\t\t\t<\/div>\n\t\t\t\t\t\t\n\t\t\t\t\t\t\t\t\t\t\t\t<span class='wsx-form-field-warning-message last_name'><\/span>\n\t\t\t\t\t\t\t\t\t\t\t\t<\/div>\n\t\t\t\t\t\t\t\t\t<\/div>\n\t\t\t\t\t\t<div class=\"wsx-reg-form-row \">\n\t\t\t\t\t\t\t\t\t\t<div data-wsx-exclude=\"\" class=\"wholesalex-registration-form-column left wsx-field wsx-field-required wsx-field-user_pass\" style=\"\"> \n\t\t\t\t\t\t\n\t\t\t\t\t\t\t\t\t\t\t\t<div class=\"wsx-form-field\">\n\t\t\t\t\t\t\t\t\t\t\t\t\t\t\t\t<div class=\"wsx-field-heading\">\n\t\t\t\t\t\t\t\t\t\t\t\t\t\t\t\t\t\t\t\t<label class='wsx-label wsx-form-label' for=\"user_pass\">\n\t\t\t\t\t\t\t\t\t\t\t\u0643\u0644\u0645\u0629 \u0627\u0644\u0645\u0631\u0648\u0631\t\t\t\t\t\t\t\t\t\t\t\t\t\t\t\t\t\t\t\t\t\t\t\t<span aria-label=\"required\">*<\/span>\n\t\t\t\t\t\t\t\t\t\t\t\t\t\t\t\t\t\t\t\t\t\t\t<\/label>\n\t\t\t\t\t\t\t\t\t\t\t\t\t\t\t\t\t\t\t<\/div>\n\t\t\t\t\t\t\t\t\t\t\t\t\t\t\t\t\n\t\t\t\t\t\t\t<input class=\"wsx-input\" id=\"user_pass\" type='password' name=\"user_pass\"  minLength=\"\" maxLength=\"\" size=\"\"  placeholder=\"\" \/>\n\t\t\t\t\t\t<\/div>\n\t\t\t\t\t\t\t\t\t\t\t\t\t<span class='wsx-form-field-warning-message user_pass'><\/span>\n\t\t\t\t\t\t\t\t\t\t\t\t<\/div>\n\t\t\t\t\t\t\t\t\t<\/div>\n\t\t\t\t\t\t<div class=\"wsx-reg-form-row double-column\">\n\t\t\t\t\t\t\t\t\t\t<div data-wsx-exclude=\"\" class=\"wholesalex-registration-form-column left wsx-field wsx-field-required wsx-field-user_email\" style=\"\"> \n\t\t\t\t\t\t\n\t\t\t\t\t\t\t\t\t\t\t\t<div  class=\"wsx-form-field\">\n\t\t\t\t\t\t\t\t\t\t\t\t\t\t\t<div class=\"wsx-field-heading\">\n\t\t\t\t\t\t\t\t\t\t\t\t\t\t\t\t\t<label class='wsx-label wsx-label wsx-form-label' for=\"user_email\">\n\t\t\t\t\t\t\t\t\t\t\u0628\u0631\u064a\u062f \u0625\u0644\u0643\u062a\u0631\u0648\u0646\u064a\t\t\t\t\t\t\t\t\t\t\t\t\t\t\t\t\t\t\t\t\t\t<span aria-label=\"required\">*<\/span>\n\t\t\t\t\t\t\t\t\t\t\t\t\t\t\t\t\t\t\t\t<\/label>\n\t\t\t\t\t\t\t\t\t\t\t\t\t\t\t\t<\/div>\n\t\t\t\t\t\t\t\t\t\t\t\t\t\t\t\n\t\t\t\t\t\t\t<input class=\"wsx-input\" id=\"user_email\" type=\"email\" name=\"user_email\"  placeholder=\"\" \/>\n\t\t\t\t\t\t<\/div>\n\t\t\t\t\t\t\n\t\t\t\t\t\t\t\t\t\t\t\t<span class='wsx-form-field-warning-message user_email'><\/span>\n\t\t\t\t\t\t\t\t\t\t\t\t<\/div>\n\t\t\t\t\t\t\t\t\t\t\t\t<div data-wsx-exclude=\"\" class=\"wholesalex-registration-form-column right wsx-field wsx-field-required wsx-field-user_confirm_email\" style=\"\"> \n\t\t\t\t\t\t\n\t\t\t\t\t\t\t\t\t\t\t\t<div  class=\"wsx-form-field\">\n\t\t\t\t\t\t\t\t\t\t\t\t\t\t\t<div class=\"wsx-field-heading\">\n\t\t\t\t\t\t\t\t\t\t\t\t\t\t\t\t\t<label class='wsx-label wsx-label wsx-form-label' for=\"user_confirm_email\">\n\t\t\t\t\t\t\t\t\t\t.\u062a\u0623\u0643\u064a\u062f \u0627\u0644\u0628\u0631\u064a\u062f \u0627\u0644\u0625\u0644\u0643\u062a\u0631\u0648\u0646\u064a\t\t\t\t\t\t\t\t\t\t\t\t\t\t\t\t\t\t\t\t\t\t<span aria-label=\"required\">*<\/span>\n\t\t\t\t\t\t\t\t\t\t\t\t\t\t\t\t\t\t\t\t<\/label>\n\t\t\t\t\t\t\t\t\t\t\t\t\t\t\t\t<\/div>\n\t\t\t\t\t\t\t\t\t\t\t\t\t\t\t\n\t\t\t\t\t\t\t<input class=\"wsx-input\" id=\"user_confirm_email\" type=\"email\" name=\"user_confirm_email\"  placeholder=\".\u062a\u0623\u0643\u064a\u062f \u0639\u0646\u0648\u0627\u0646 \u0627\u0644\u0628\u0631\u064a\u062f \u0627\u0644\u0625\u0644\u0643\u062a\u0631\u0648\u0646\u064a\" \/>\n\t\t\t\t\t\t<\/div>\n\t\t\t\t\t\t\n\t\t\t\t\t\t\t\t\t\t\t\t<span class='wsx-form-field-warning-message user_confirm_email'><\/span>\n\t\t\t\t\t\t\t\t\t\t\t\t<\/div>\n\t\t\t\t\t\t\t\t\t<\/div>\n\t\t\t\t\t\t<div class=\"wsx-reg-form-row \">\n\t\t\t\t\t\t\t\t\t\t<div data-wsx-exclude=\"\" class=\"wholesalex-registration-form-column left wsx-field wsx-field-required wsx-field-description\" style=\"\"> \n\t\t\t\t\t\t\n\t\t\t\t\t\t\t\t\t\t\t\t<div class=\"wsx-form-field\">\n\t\t\t\t\t\t\t\t\t\t\t\t\t\t\t\t<div class=\"wsx-field-heading\">\n\t\t\t\t\t\t\t\t\t\t\t\t\t\t\t\t\t\t\t\t<label class='wsx-label wsx-form-label' for=\"description\">\n\t\t\t\t\t\t\t\t\t\t\t\u0648\u0635\u0641\t\t\t\t\t\t\t\t\t\t\t\t\t\t\t\t\t\t\t\t\t\t\t\t<span aria-label=\"required\">*<\/span>\n\t\t\t\t\t\t\t\t\t\t\t\t\t\t\t\t\t\t\t\t\t\t\t<\/label>\n\t\t\t\t\t\t\t\t\t\t\t\t\t\t\t\t\t\t\t<\/div>\n\t\t\t\t\t\t\t\t\t\t\t\t\t\t\t\t\n\t\t\t\t\t\t\t<textarea class=\"wsx-textarea\" id=\"description\" name=\"description\"  rows=\"\" cols=\"\" placeholder=\"\u0648\u0635\u0641\"><\/textarea>\n\t\t\t\t\t\t<\/div>\n\t\t\t\t\t\t\t\t\t\t\t\t\t<span class='wsx-form-field-warning-message description'><\/span>\n\t\t\t\t\t\t\t\t\t\t\t\t<\/div>\n\t\t\t\t\t\t\t\t\t<\/div>\n\t\t\t\t\t\t<div class=\"wsx-reg-form-row \">\n\t\t\t\t\t\t\t\t\t\t<div data-wsx-exclude=\"\" class=\"wholesalex-registration-form-column left wsx-field  wsx-field-url\" style=\"\"> \n\t\t\t\t\t\t\n\t\t\t\t\t\t\t\t\t\t\t\t<div class=\"wsx-form-field\">\n\t\t\t\t\t\t\t\t\t\t\t\t\t\t\t<div class=\"wsx-field-heading\">\n\t\t\t\t\t\t\t\t\t\t\t\t\t\t\t\t\t\t\t<label class='wsx-label wsx-form-label' for=\"url\">\n\t\t\t\t\t\t\t\t\t\t\t\u0645\u0648\u0642\u0639 \u0625\u0644\u0643\u062a\u0631\u0648\u0646\u064a\t\t\t\t\t\t\t\t\t\t\t\t\t\t\t\t\t\t\t\t\t<\/label>\n\t\t\t\t\t\t\t\t\t\t\t\t\t\t\t\t\t<\/div>\n\t\t\t\t\t\t\t\t\t\t\t\t\t\t\t<input class=\"wsx-input\" id=\"url\" type='url' name=\"url\"   placeholder=\"Website\" \/>\n\t\t\t\t\t\t<\/div>\n\t\t\t\t\t\t\t\t\t\t\t\t\t\t<span class='wsx-form-field-warning-message url'><\/span>\n\t\t\t\t\t\t\t\t\t\t\t\t<\/div>\n\t\t\t\t\t\t\t\t\t<\/div>\n\t\t\t\t\t\t<div class=\"wsx-reg-form-row \">\n\t\t\t\t\t\t\t\t\t\t<div data-wsx-exclude=\"\" class=\"wholesalex-registration-form-column left wsx-field wsx-field-required wsx-field-wholesalex_registration_role\" style=\"\"> \n\t\t\t\t\t\t\n\t\t\t\t\t\t\t\t\t\t\t\t<div class=\"wsx-form-field\">\n\t\t\t\t\t\t\t\t\t\t\t\t\t\t\t\t<div class=\"wsx-field-heading\">\n\t\t\t\t\t\t\t\t\t\t\t\t\t\t\t\t\t\t\t<label class='wsx-label wsx-label wsx-form-label' for=\"wholesalex_registration_role\">\n\t\t\t\t\t\t\t\t\t\t\tSelect Registration Roles\t\t\t\t\t\t\t\t\t\t\t\t\t\t\t\t\t\t\t\t\t\t\t\t<span aria-label=\"required\">*<\/span>\n\t\t\t\t\t\t\t\t\t\t\t\t\t\t\t\t\t\t\t\t\t\t<\/label>\n\t\t\t\t\t\t\t\t\t\t\t\t\t\t\t\t\t<\/div>\n\t\t\t\t\t\t\t\t\t\t\t\t\t\t\t\n\t\t\t\t\t\t\t<select class=\"wsx-select\" name=\"wholesalex_registration_role\" id=\"wholesalex_registration_role\">\n\t\t\t\t\t\t\t\t\t\t\t\t\t\t\t\t\t<option value=\"\">Select Role<\/option>\n\t\t\t\t\t\t\t\t\t\t\t\t\t\t\t\t\t<option value=\"wholesalex_b2c_users\">B2C Users<\/option>\n\t\t\t\t\t\t\t\t\t\t\t\t\t\t\t\t\t<option value=\"wholesalex_b2b_role_1744102612760\">B2B Users<\/option>\n\t\t\t\t\t\t\t\t\t\t\t\t\t\t\t<\/select>\n\t\t\t\t\t\t<\/div>\n\t\t\t\t\t\t\t\t\t\t\t\t<span class='wsx-form-field-warning-message wholesalex_registration_role'><\/span>\n\t\t\t\t\t\t\t\t\t\t\t\t<\/div>\n\t\t\t\t\t\t\t\t\t<\/div>\n\t\t\t\t\t<\/div>\n\n\t\t<input type=\"hidden\" name=\"action\" value=\"wholesalex_process_registration\" \/>\n\n\t\t<input type=\"hidden\" id=\"wholesalex-registration-nonce\" name=\"wholesalex-registration-nonce\" value=\"ca277d8a44\" \/><input type=\"hidden\" name=\"_wp_http_referer\" value=\"\/tr\/wp-json\/wp\/v2\/pages\/23722\" \/><div class=\"wsx-form-btn-wrapper\"><button class=\"wsx-register-btn \">\u062a\u0633\u062c\u064a\u0644 \u062d\u0633\u0627\u0628 \u062c\u062f\u064a\u062f<\/button><\/div>\t<\/form>\n\t\t\t\t\t<\/div>\n\t\t<\/div>\n\n\n\n<p><\/p>\n\n\n\n<script>\n\nconst translations_en = {\n  '\u062a\u0633\u062c\u064a\u0644 \u062d\u0633\u0627\u0628 \u062c\u062f\u064a\u062f': 'Register New Account',\n  '\u0627\u0644\u0627\u0633\u0645 \u0627\u0644\u0623\u0648\u0644': 'First Name',\n  '\u0627\u0644\u0643\u0646\u064a\u0629': 'Last Name',\n  '\u0643\u0644\u0645\u0629 \u0627\u0644\u0645\u0631\u0648\u0631': 'Password',\n  '\u0628\u0631\u064a\u062f \u0625\u0644\u0643\u062a\u0631\u0648\u0646\u064a': 'Email',\n  '.\u062a\u0623\u0643\u064a\u062f \u0627\u0644\u0628\u0631\u064a\u062f \u0627\u0644\u0625\u0644\u0643\u062a\u0631\u0648\u0646\u064a': 'Confirm Email',\n  '.\u062a\u0623\u0643\u064a\u062f \u0639\u0646\u0648\u0627\u0646 \u0627\u0644\u0628\u0631\u064a\u062f \u0627\u0644\u0625\u0644\u0643\u062a\u0631\u0648\u0646\u064a': 'Confirm Email Address',\n  '\u0648\u0635\u0641': 'Description',\n  '\u0645\u0648\u0642\u0639 \u0625\u0644\u0643\u062a\u0631\u0648\u0646\u064a': 'Website',\n  '\u062d\u062f\u062f \u0623\u062f\u0648\u0627\u0631 \u0627\u0644\u062a\u0633\u062c\u064a\u0644': 'Select Registration Role',\n  '\u062d\u062f\u062f \u0627\u0644\u062f\u0648\u0631': 'Select Role',\n  '\u062a\u0633\u062c\u064a\u0644 \u062d\u0633\u0627\u0628 \u062c\u062f\u064a\u062f': 'Register',\n};\n\n\/\/ \ud83d\udfe1 \u0627\u0644\u062a\u0631\u062c\u0645\u0629 \u0645\u0646 \u0627\u0644\u0639\u0631\u0628\u064a\u0629 \u0625\u0644\u0649 \u0627\u0644\u062a\u0631\u0643\u064a\u0629\nconst translations_tr = {\n  '\u062a\u0633\u062c\u064a\u0644 \u062d\u0633\u0627\u0628 \u062c\u062f\u064a\u062f': 'Yeni Hesap Olu\u015ftur',\n  '\u0627\u0644\u0627\u0633\u0645 \u0627\u0644\u0623\u0648\u0644': 'Ad',\n  '\u0627\u0644\u0643\u0646\u064a\u0629': 'Soyad',\n  '\u0643\u0644\u0645\u0629 \u0627\u0644\u0645\u0631\u0648\u0631': '\u015eifre',\n  '\u0628\u0631\u064a\u062f \u0625\u0644\u0643\u062a\u0631\u0648\u0646\u064a': 'E-posta',\n  '.\u062a\u0623\u0643\u064a\u062f \u0627\u0644\u0628\u0631\u064a\u062f \u0627\u0644\u0625\u0644\u0643\u062a\u0631\u0648\u0646\u064a': 'E-posta Do\u011frulama',\n  '.\u062a\u0623\u0643\u064a\u062f \u0639\u0646\u0648\u0627\u0646 \u0627\u0644\u0628\u0631\u064a\u062f \u0627\u0644\u0625\u0644\u0643\u062a\u0631\u0648\u0646\u064a': 'E-posta Adresini Do\u011frula',\n  '\u0648\u0635\u0641': 'A\u00e7\u0131klama',\n  '\u0645\u0648\u0642\u0639 \u0625\u0644\u0643\u062a\u0631\u0648\u0646\u064a': 'Web Sitesi',\n  '\u062d\u062f\u062f \u0623\u062f\u0648\u0627\u0631 \u0627\u0644\u062a\u0633\u062c\u064a\u0644': 'Kay\u0131t Rol\u00fc Se\u00e7in',\n  '\u062d\u062f\u062f \u0627\u0644\u062f\u0648\u0631': 'Rol Se\u00e7in',\n  '\u062a\u0633\u062c\u064a\u0644 \u062d\u0633\u0627\u0628 \u062c\u062f\u064a\u062f': 'Kaydol',\n};\n\n\/\/ \ud83d\udfe2 \u062f\u0627\u0644\u0629 \u0627\u0644\u062a\u0631\u062c\u0645\u0629 \u0627\u0644\u0639\u0627\u0645\u0629\nfunction translateForm(translations) {\n  document.querySelectorAll('body *:not(script):not(style)').forEach(element => {\n    for (let node of element.childNodes) {\n      if (node.nodeType === Node.TEXT_NODE) {\n        const text = node.nodeValue.trim();\n        if (translations[text]) {\n          node.nodeValue = node.nodeValue.replace(text, translations[text]);\n        }\n      }\n    }\n  });\n\n  \/\/ Translate placeholders\n  document.querySelectorAll('[placeholder]').forEach(el => {\n    const ph = el.getAttribute('placeholder').trim();\n    if (translations[ph]) {\n      el.setAttribute('placeholder', translations[ph]);\n    }\n  });\n\n  \/\/ Translate labels\n  document.querySelectorAll('label').forEach(label => {\n    const text = label.textContent.trim();\n    if (translations[text]) {\n      label.textContent = translations[text];\n    }\n  });\n\n  \/\/ Translate options\n  document.querySelectorAll('option').forEach(option => {\n    const text = option.textContent.trim();\n    if (translations[text]) {\n      option.textContent = translations[text];\n    }\n  });\n\n  \/\/ Translate buttons\n  document.querySelectorAll('button').forEach(button => {\n    const text = button.textContent.trim();\n    if (translations[text]) {\n      button.textContent = translations[text];\n    }\n  });\n}\n\n\/\/ \ud83d\udfe2 \u062a\u0634\u063a\u064a\u0644 \u0627\u0644\u062a\u0631\u062c\u0645\u0629 \u062a\u0644\u0642\u0627\u0626\u064a\u064b\u0627 \u0628\u0646\u0627\u0621\u064b \u0639\u0644\u0649 \u0644\u063a\u0629 \u0627\u0644\u0635\u0641\u062d\u0629\ndocument.addEventListener('DOMContentLoaded', function () {\n  const lang = document.documentElement.lang.slice(0, 2); \/\/ \"ar\", \"en\", \"tr\", etc.\n\n  if (lang === 'en') {\n    translateForm(translations_en);\n  } else if (lang === 'tr') {\n    translateForm(translations_tr);\n  }\n  \/\/ \u0625\u0630\u0627 \u0643\u0627\u0646\u062a \u0627\u0644\u0644\u063a\u0629 \u0639\u0631\u0628\u064a\u0629 \u0641\u0644\u0627 \u062d\u0627\u062c\u0629 \u0644\u0644\u062a\u0631\u062c\u0645\u0629\u060c \u0633\u064a\u0628\u0642\u0649 \u0643\u0645\u0627 \u0647\u0648\n});\n<\/script>\n\n","protected":false},"excerpt":{"rendered":"","protected":false},"author":1,"featured_media":0,"parent":0,"menu_order":0,"comment_status":"closed","ping_status":"closed","template":"","meta":{"_acf_changed":false,"footnotes":""},"class_list":["post-23722","page","type-page","status-publish","hentry","_wholesalex wsx-wholesalex-product"],"acf":[],"_links":{"self":[{"href":"https:\/\/ufuknesriyat.wp.sawaftech.com\/tr\/wp-json\/wp\/v2\/pages\/23722","targetHints":{"allow":["GET"]}}],"collection":[{"href":"https:\/\/ufuknesriyat.wp.sawaftech.com\/tr\/wp-json\/wp\/v2\/pages"}],"about":[{"href":"https:\/\/ufuknesriyat.wp.sawaftech.com\/tr\/wp-json\/wp\/v2\/types\/page"}],"author":[{"embeddable":true,"href":"https:\/\/ufuknesriyat.wp.sawaftech.com\/tr\/wp-json\/wp\/v2\/users\/1"}],"replies":[{"embeddable":true,"href":"https:\/\/ufuknesriyat.wp.sawaftech.com\/tr\/wp-json\/wp\/v2\/comments?post=23722"}],"version-history":[{"count":0,"href":"https:\/\/ufuknesriyat.wp.sawaftech.com\/tr\/wp-json\/wp\/v2\/pages\/23722\/revisions"}],"wp:attachment":[{"href":"https:\/\/ufuknesriyat.wp.sawaftech.com\/tr\/wp-json\/wp\/v2\/media?parent=23722"}],"curies":[{"name":"wp","href":"https:\/\/api.w.org\/{rel}","templated":true}]}}