{"id":5952,"date":"2024-12-02T12:35:11","date_gmt":"2024-12-02T12:35:11","guid":{"rendered":"https:\/\/arabfamilybs.sawaftech.xyz\/biz-kimiz\/"},"modified":"2024-12-02T12:35:11","modified_gmt":"2024-12-02T12:35:11","slug":"biz-kimiz","status":"publish","type":"page","link":"https:\/\/ufuknesriyat.wp.sawaftech.com\/tr\/biz-kimiz\/","title":{"rendered":"Biz Kimiz"},"content":{"rendered":"<h3><strong>Arap Aile K\u00fct\u00fcphanesi:<\/strong><\/h3>\n<p>T\u00fcrkiye&#8217;nin Arap\u00e7a aile yay\u0131nlar\u0131 konusunda uzmanla\u015fm\u0131\u015f ilk yay\u0131nevi ve k\u00fct\u00fcphanesi. Matbaac\u0131l\u0131k, sanatsal haz\u0131rl\u0131k ve yay\u0131nc\u0131l\u0131k d\u00fcnyas\u0131ndaki profesyonel yolculu\u011funa 1997 y\u0131l\u0131nda \u015eam&#8217;da ba\u015flad\u0131 ve resmi olarak yay\u0131n ve matbaa olarak tescil edildi. Daha sonra Arap ailesinin ve ailesinin k\u00fclt\u00fcrel ve e\u011fitimsel ihtiya\u00e7lar\u0131n\u0131 kar\u015f\u0131lamak \u00fczere 2013 y\u0131l\u0131nda \u0130stanbul&#8217;a ta\u015f\u0131nd\u0131. diasporadaki \u00fcyeler, \u00e7\u0131karlar\u0131 ne olursa olsun. &#8211; \u201cBilin\u00e7li bir Arap ailesine do\u011fru\u2026\u201d slogan\u0131yla 2016 y\u0131l\u0131 ba\u015f\u0131nda ilk showroomunu (\u0130stanbul \/ Fatih) a\u00e7an kurum, geli\u015ftirdi\u011fi say\u0131lar\u0131yla Arap ailesinin t\u00fcm \u00fcyelerine y\u00f6nelik yay\u0131n ve da\u011f\u0131t\u0131m \u00e7al\u0131\u015fmalar\u0131n\u0131 ilerletti. Arap ve uluslararas\u0131 \u00f6nde gelen yay\u0131nevlerinden se\u00e7ilmi\u015f binlerce eserin yer ald\u0131\u011f\u0131 derginin \u00f6zel bas\u0131mlar\u0131n\u0131n say\u0131s\u0131 2024 y\u0131l\u0131 ortas\u0131 itibar\u0131yla 450 ayr\u0131 say\u0131y\u0131 a\u015fm\u0131\u015f olup, yeni yay\u0131nlar\u0131 ve etkinlikleriyle her hafta izleyicisini ve takip\u00e7ilerini g\u00fcncel tutmaktad\u0131r. , bir \u201caile k\u00fct\u00fcphanesi\u201d haline geliyor. Al Arabiya, T\u00fcrkiye&#8217;de Arap\u00e7a yay\u0131nc\u0131l\u0131\u011f\u0131n \u00f6nc\u00fcs\u00fc olup entelekt\u00fcel ve k\u00fclt\u00fcrel alanda en se\u00e7kin Arap yay\u0131nevleri aras\u0131ndad\u0131r. &#8211; \u201cT\u00fcrkiye&#8217;deki Arap Yay\u0131nc\u0131lar Platformu\u201dnun (Arap yay\u0131nc\u0131lar\u0131n T\u00fcrkiye&#8217;deki ilk bulu\u015fmas\u0131) kurucu \u00fcyesi. &#8211; \u201cArap Yay\u0131nc\u0131l\u0131k End\u00fcstrisi Devlet Birli\u011fi\u201dnin kurucu \u00fcyesi (d\u00fcnyadaki t\u00fcm Arap yay\u0131nc\u0131 kategorilerinin ilk bulu\u015fmas\u0131). &#8211; \u201cT\u00fcrkiye Yay\u0131nc\u0131lar Birli\u011fi\u201d ve \u201cT\u00fcrkiye Yay\u0131nc\u0131lar Birli\u011fi\u201d \u00fcyesi.<\/p>\n<p>&nbsp;<\/p>\n<h3><strong>Vizyonumuz:<\/strong><\/h3>\n<p>\u201cArap Aile K\u00fct\u00fcphanesi\u201dnin en \u00f6nemli \u00f6zelli\u011fi, aile ve d\u00fcnya \u00e7ap\u0131ndaki Arap M\u00fcsl\u00fcman okuyucu i\u00e7in en \u00f6nemli g\u00fcvenli ve \u00e7a\u011fda\u015f bilgi kaynaklar\u0131ndan biri olmak, Arap halk\u0131n\u0131n fark\u0131ndal\u0131\u011f\u0131n\u0131n artmas\u0131na katk\u0131da bulunmak vizyonu ve misyonudur. K\u00fcreselle\u015fme \u00e7a\u011f\u0131nda Arap ailesi ve milletin ak\u0131l ve vicdan\u0131n\u0131n artan fikri istilas\u0131. Bunu, i\u00e7eri\u011fin karma\u015f\u0131kl\u0131\u011f\u0131 ve do\u011frulu\u011fu, bi\u00e7im ve sunumun g\u00fczelli\u011fi ve modern teknolojilere ayak uydurma a\u00e7\u0131s\u0131ndan \u00fcretti\u011fi \u00fcr\u00fcnlerin kalitesine b\u00fcy\u00fck \u00f6nem vererek&#8230; nesillere yararl\u0131 ve \u00e7e\u015fitli her \u015feyi \u00e7ekici ve \u00e7a\u011fda\u015f bir bi\u00e7imde sunmakt\u0131r. ve k\u00fclt\u00fcr, e\u011fitim, edebiyat, tarih, medeniyet, diller vb. \u00e7e\u015fitli alanlarda \u00e7e\u015fitlilik g\u00f6steren bir paket i\u00e7erisinde.  <\/p>\n<p><strong> <\/strong><\/p>\n<h3><strong>Kategoriler:<\/strong><\/h3>\n<p>1- E\u011fitim ve aile. 2- Geli\u015fim ve d\u00fc\u015f\u00fcnce. 3- Edebiyat Paketi. 4- \u00c7ocuk K\u00fct\u00fcphanesi. 5- \u0130slam K\u00fct\u00fcphanesi. 6- Tarih ve medeniyet. 7- \u0130lim ve ilim. 8- Dil e\u011fitimi. 9- Siyaset bilimi. 10-T\u00fcrk\u00e7eye terc\u00fcmanlar.<br \/>\n(Yay\u0131nlar\u0131n a\u00e7\u0131klamalar\u0131n\u0131 g\u00f6rmek ve onlar hakk\u0131nda bilgi edinmek i\u00e7in k\u00fct\u00fcphanenin resmi web sitesini ziyaret edin: <a href=\"http:\/\/www.arabfamilybs.com)\/\">www.arabfamilybs.com<\/a>)<\/p>\n<p>&nbsp;<\/p>\n<h3><strong>Yay\u0131n politikalar\u0131:<\/strong><\/h3>\n<p>&#8211; <strong>Bilgi yay\u0131nlar\u0131m\u0131z\u0131n i\u00e7eri\u011finin \u0130slam hukukunun ilkelerine ve ulusun <\/strong>alimleri taraf\u0131ndan kabul edilen dinin y\u00fcksek ama\u00e7lar\u0131na hizmet etmesini sa\u011fl\u0131yoruz. Bu ama\u00e7la bilimi ve ele\u015ftirel vizyonlar\u0131 geni\u015fletir. &#8211; <strong>\u0130slam fikir mezheplerine ait t\u00fcm yaz\u0131lar\u0131 t\u00fcm \u00e7e\u015fitlili\u011fiyle kabul ediyor,<\/strong> hepsine ayn\u0131 mesafede duruyor ve &#8220;zihin farkl\u0131l\u0131\u011f\u0131n\u0131n fikirlerin \u00e7apraz d\u00f6llenmesini i\u00e7erdi\u011fini&#8221; do\u011frulayan ara diyalo\u011fu te\u015fvik ediyoruz. <strong>Uzmanlar\u0131, \u0130slami mevzuat\u0131n en \u00f6nemli<\/strong> kaynaklar\u0131ndan biri olarak i\u00e7tihad\u0131n rol\u00fcn\u00fc yeniden harekete ge\u00e7irmeye \u00e7a\u011f\u0131r\u0131yoruz. &#8211; <strong>Bilimleri bilimsel ara\u015ft\u0131rmalara entegre etme yakla\u015f\u0131m\u0131n\u0131<\/strong> harekete ge\u00e7irmenin ve bunun i\u00e7in t\u00fcm modern ara\u00e7lardan ve be\u015feri bilimlerin geri kalan\u0131ndan yararlanman\u0131n, milletin sorunlar\u0131na yenilenmi\u015f \u00e7\u00f6z\u00fcmler bulmay\u0131 ve milletler aras\u0131nda arzu edilen medeniyet rol\u00fcn\u00fc yeniden tesis etmenin gereklili\u011fine inan\u0131yoruz, Biz bunda \u00f6l\u00e7\u00fcn\u00fcn Kur&#8217;an-\u0131 Kerim, sahih S\u00fcnnet ve her devirde \u00fcmmetin ittifak etti\u011fi \u015feyler oldu\u011funa ve bu e\u011filimin, Abdullah bin \u00d6mer&#8217;in Allah Resul\u00fc&#8217;n\u00fcn rivayet etti\u011fi \u015fu asil hadisle peki\u015ftirildi\u011fine inan\u0131yoruz. Allah ondan raz\u0131 olsun ve ona huzur versin, \u015f\u00f6yle dedi: (Allah, \u00dcmmetim dal\u00e2let \u00fczerindedir ve Allah&#8217;\u0131n eli \u00fcmmetin \u00fczerindedir ve kim saparsa Cehenneme gider.) [Tirmizi rivayet etmi\u015ftir]<\/p>\n<p>&nbsp;<\/p>\n<h3><strong>Kalite politikalar\u0131:<\/strong><\/h3>\n<p>&#8211; <strong> Yay\u0131nc\u0131l\u0131k ve e\u011fitim alanlar\u0131n\u0131n her \u015feyden \u00f6nce bir misyon ve emanet oldu\u011funa<\/strong> ve uluslar aras\u0131ndaki rol\u00fcn\u00fc ve medeni stat\u00fcs\u00fcn\u00fc yeniden tesis etmek i\u00e7in zihinlerin in\u015fas\u0131nda ve ulusun r\u00f6nesans\u0131ndaki temel rol\u00fcne inan\u0131yoruz, bu nedenle uygun ba\u015fl\u0131\u011f\u0131 se\u00e7mekten ba\u015flayarak, e\u011fitici, bilimsel ve sanatsal bilimsel i\u00e7eri\u011fi geli\u015ftirmeye ve sevgili okuyucular\u0131m\u0131za uygun en g\u00fczel formda \u00fcretmeye kadar, \u00e7ocuklar\u0131m\u0131za ve ailelerimize sorunlar\u0131n\u0131 ve zorluklar\u0131n\u0131 ele alma konusunda ilham veren kaliteli \u00fcr\u00fcnler sunma konusunda istekliyiz. &#8211; Okuma s\u00fcrecinde en \u00fcst d\u00fczeyde fayda ve keyif sa\u011flayan farkl\u0131 bir atmosfer sa\u011flamak i\u00e7in \u00fcr\u00fcnlerimizde <strong> bi\u00e7im ve i\u00e7eri\u011fin<\/strong> entegre bir b\u00fct\u00fcn olarak bir arada olmas\u0131yla <strong> \u00e7ok ilgileniyoruz<\/strong>. &#8211; Nesillerimiz i\u00e7in her standartta faydal\u0131, sevgili okuyucular\u0131m\u0131z\u0131n zihinlerine sayg\u0131l\u0131 ve onlara s\u0131k\u0131c\u0131 k\u0131sal\u0131k veya uzunluk olmadan konsantre ve do\u011frudan fayda sa\u011flayan bir \u00fcr\u00fcn sunmak i\u00e7in Arap ve \u0130slam d\u00fcnyas\u0131n\u0131n d\u00f6rt bir yan\u0131ndan <strong> prestijli<\/strong> bir yazar, yazar ve e\u011fitimci <strong> grubuyla i\u015fbirli\u011fi<\/strong> yap\u0131yoruz ve davalar\u0131m\u0131za hizmet etmek ve ulusumuzun r\u00f6nesans yolunda bir mum yakan ortak eserler \u00fcretmek i\u00e7in onlarla s\u00fcrekli d\u00fc\u015f\u00fcn\u00fcyoruz. &#8211; <strong> Se\u00e7ti\u011fimiz yay\u0131n\u0131n<\/strong>, \u00f6zg\u00fcnl\u00fck ve modernli\u011fi, do\u011fruluk ve bilimsel referans\u0131, sunumda kolayl\u0131k ve sadeli\u011fi, i\u00e7erikte zenginlik ve \u00e7e\u015fitlili\u011fi, bi\u00e7im ve tasar\u0131mda rahat g\u00fczelli\u011fi bir araya getiren, <strong> ba\u015f\u0131ndan beri bizim i\u00e7in belirledi\u011finiz genel yakla\u015f\u0131m i\u00e7inde olmas\u0131n\u0131 sa\u011flamaya<\/strong>\u00f6zen g\u00f6steriyoruz. &#8211; <strong> Okuyucunun genel zevkine sayg\u0131 duyuyor, se\u00e7ici ve ele\u015ftirel g\u00f6rsel k\u00fclt\u00fcr\u00fcn\u00fc takdir ediyoruz<\/strong>, bu nedenle \u00fcr\u00fcn\u00fcn her detay\u0131nda \u00fcst d\u00fczey renk paletleri ve uyum kullanmaya \u00f6zen g\u00f6steriyoruz, b\u00f6ylece her \u00fcr\u00fcn okuyucuyu kendi d\u00fcnyas\u0131na g\u00f6t\u00fcren \u00f6zel bir g\u00f6rsel kimlik ta\u015f\u0131yor. &#8211; \u00dcr\u00fcnlerimizin g\u00fcvenli kullan\u0131m\u0131na olanak tan\u0131yan <strong> en iyi<\/strong> ve en sa\u011fl\u0131kl\u0131 <strong> hammaddeleri kullan\u0131yoruz<\/strong>. &#8211; <strong> Bilgi aktar\u0131m\u0131 alan\u0131nda teknoloji ve yapay zeka d\u00fcnyas\u0131ndaki t\u00fcm yenilikleri takip ediyor<\/strong>ve bilgi ta\u015f\u0131y\u0131c\u0131lar\u0131 olarak misyonumuzun hizmetinde kullanmak i\u00e7in \u00e7al\u0131\u015f\u0131yoruz ve okuyucuyu \u0130nternet \u00fczerinden konuyla ilgili \u00e7e\u015fitli bilgi alanlar\u0131na a\u00e7an dijital ba\u011flant\u0131lar, materyalin ses kayd\u0131, bilimsel testler ve deneyler, yazarlar\u0131n ve yazarlar\u0131n kimliklerine ba\u011flant\u0131lar vb. dahil ediyoruz. &#8211; Bilin\u00e7li Arap ailesinin bilgi ivmesi ve be\u015feri bilimler \u00e7a\u011f\u0131nda ihtiya\u00e7 duydu\u011fu her \u015fey i\u00e7in yay\u0131nlar\u0131m\u0131zdan <strong> olu\u015fan \u00e7e\u015fitli paketler sunuyoruz<\/strong>. &#8211; <strong> \u00dcr\u00fcnlerimizi<\/strong> \u0130stanbul&#8217;daki ana salonumuz, acentelerimiz ve distrib\u00fct\u00f6rlerimiz, yerel ve uluslararas\u0131 fuarlar, \u00e7evrimi\u00e7i ma\u011fazam\u0131z ve sosyal medya platformlar\u0131m\u0131z arac\u0131l\u0131\u011f\u0131yla <strong> mevcut t\u00fcm ara\u00e7larla sunmaya istekliyiz<\/strong> ve bu ara\u00e7lar\u0131 s\u00fcrekli olarak geli\u015ftirmek ve geni\u015fletmek i\u00e7in \u00e7al\u0131\u015f\u0131yoruz. &#8211; \u00c7e\u015fitli geli\u015fimsel ve k\u00fclt\u00fcrel etkinlikler, k\u00fclt\u00fcrel konferanslar, diasporadaki nesillerimiz aras\u0131nda Arap dilinin desteklenmesi ve korunmas\u0131, psikolojik destek kurslar\u0131, ki\u015fisel ve idari geli\u015fim ve di\u011ferleri d\u00fczenleyerek <strong> izleyicilerimizin \u00f6\u011frenme ve geli\u015fim s\u00fcrecini takip ediyoruz<\/strong>. &#8211; Edebi ve k\u00fclt\u00fcrel yar\u0131\u015fmalar d\u00fczenleyerek ve <strong> se\u00e7kin<\/strong> eserler yay\u0131nlayarak <strong> yetenekleri ve farkl\u0131 enerjileri besliyoruz<\/strong>.    <\/p>\n<p>&nbsp;<\/p>\n<h3><strong>Faaliyetler, etkinlikler ve sat\u0131\u015f pencereleri:<\/strong><\/h3>\n<p>&#8211; Arap Aile Evi ve K\u00fct\u00fcphanesi, nerede olursa olsun, do\u011frudan veya yetkili distrib\u00fct\u00f6rleri arac\u0131l\u0131\u011f\u0131yla uluslararas\u0131 sergiler arac\u0131l\u0131\u011f\u0131yla siz de\u011ferli okuyucular\u0131n\u0131 s\u00fcrekli olarak beklemektedir. K\u00fct\u00fcphane ayn\u0131 zamanda (Ama\u00e7l\u0131 Kitap Forumu) ad\u0131 alt\u0131nda \u00e7e\u015fitli kitaplar\u0131n e\u015flik etti\u011fi kendi kitap fuarlar\u0131n\u0131 da d\u00fczenlemektedir. fark\u0131ndal\u0131k, geli\u015fim, geli\u015fim ve psikolojik destek alanlar\u0131ndaki e\u011fitim ve \u00f6\u011fretim kurumlar\u0131, e\u011fitim uzmanlar\u0131 ve dan\u0131\u015fmanlarla i\u015fbirli\u011fi i\u00e7inde, her \u015feyin \u00f6nemine olan inanc\u0131ndan dolay\u0131, geli\u015fimsel ve bili\u015fsel faaliyetler. bu k\u00fclt\u00fcrel kollar. Geli\u015fme ise aile ve genel olarak Arap okuyucu i\u00e7in fark\u0131ndal\u0131k olu\u015fturma, evin ve k\u00fct\u00fcphanenin mesaj\u0131n\u0131 de\u011ferli okuyuculara ula\u015ft\u0131rma a\u015famas\u0131ndad\u0131r. (K\u00fct\u00fcphanenin yakla\u015fan k\u00fclt\u00fcr ve geli\u015fim program\u0131 hakk\u0131nda web sitesindeki yaz\u0131\u015fma formunu kullanarak veya verilen numaralardan birini arayarak bilgi alabilirsiniz.) Evin yay\u0131nlar\u0131na Arap b\u00f6lgesinin \u00e7e\u015fitli \u00fclkelerinde, Avrupa&#8217;da ve hatta Amerika&#8217;da bulunan yetkili distrib\u00fct\u00f6rleri arac\u0131l\u0131\u011f\u0131yla da ula\u015f\u0131labilmektedir (resmi web sitesindeki en son listeye bak\u0131n\u0131z). Elektronik al\u0131\u015fveri\u015f hizmetine evin resmi \u00e7evrimi\u00e7i ma\u011fazas\u0131 ve resmi \u00e7evrimi\u00e7i tan\u0131mlay\u0131c\u0131lar\u0131 ArabFamilyBs arac\u0131l\u0131\u011f\u0131yla ula\u015f\u0131labilir. Ve Arap b\u00f6lgesinde ve Avrupa&#8217;da faaliyet g\u00f6steren di\u011fer bir\u00e7ok \u00e7evrimi\u00e7i ma\u011faza.     <\/p>\n<p>&nbsp;<\/p>\n<h3><strong>Ek hizmetlerimiz:<\/strong><\/h3>\n<p>&#8211; Bilimsel ofis hizmetleri (yaz\u0131m, inceleme, \u00e7eviri, dilsel d\u00fczeltmeler) &#8211; Teknik ofis hizmetleri (tasar\u0131m, y\u00f6netmenlik, \u00e7izim) &#8211; Bas\u0131m hizmetleri (her t\u00fcrl\u00fc kitap ve dergi, e\u011fitim malzemeleri, reklam ve tan\u0131t\u0131m). &#8211; K\u00fclt\u00fcrel etkinliklerin d\u00fczenlenmesi (amaca y\u00f6nelik kitap forumu, k\u00fclt\u00fcrel dersler, \u00f6\u011frenci etkinlikleri). <\/p>\n<p>&nbsp;<\/p>\n<h3><strong>Medya varl\u0131\u011f\u0131:<\/strong><\/h3>\n<p>K\u00fct\u00fcphane, T\u00fcrk bas\u0131n\u0131, Arap TRT kanal\u0131, MISK FM radyosu, Anadolu Ajans\u0131,    T\u00fcrkPress, K\u00f6rfez \u00c7evrimi\u00e7i.. Ve di\u011ferleri..<\/p>\n<p>&#8211; T\u00fcrk gazetesi Hayat Hercek ile r\u00f6portaj: <a href=\"https:\/\/goo.gl\/bhpHUx\" target=\"_blank\" rel=\"noopener\">https:\/\/goo.gl\/bhpHUx<\/a><\/p>\n<p>&#8211; T\u00fcrk gazetesi Postasi Dirilis ile bas\u0131n r\u00f6portaj\u0131: <a href=\"https:\/\/goo.gl\/8mgSVk\" target=\"_blank\" rel=\"noopener\">https:\/\/goo.gl\/8mgSVk<\/a><\/p>\n<p>&#8211; \u0130stanbul&#8217;dan FM Misk radyosunda radyo r\u00f6portaj\u0131: <a href=\"https:\/\/goo.gl\/NgyjTK\" target=\"_blank\" rel=\"noopener\">https:\/\/goo.gl\/NgyjTK<\/a><\/p>\n<p>&#8211; T\u00fcrk TRT kanal\u0131nda canl\u0131 r\u00f6portaj:<a href=\"https:\/\/goo.gl\/UKb1YQ\" target=\"_blank\" rel=\"noopener\"> https:\/\/goo.gl\/UKb1YQ<\/a><\/p>\n<p>&#8211; Ba\u011fc\u0131lar&#8217;daki Birinci Arap\u00e7a Kitap Fuar\u0131&#8217;na ili\u015fkin Anadolu Ajans\u0131&#8217;n\u0131n bas\u0131n r\u00f6portaj\u0131: <a href=\"https:\/\/goo.gl\/jntRfJ\" target=\"_blank\" rel=\"noopener\">https:\/\/goo.gl\/jntRfJ<\/a><\/p>\n<p>&#8211; T\u00fcrk Bas\u0131n\u0131 haber sitesi: <a href=\"https:\/\/www.turkpress.co\/node\/43358\" target=\"_blank\" rel=\"noopener\">https:\/\/www.turkpress.co\/node\/43358<\/a><\/p>\n<p>&#8211; Al-Khaleej \u00c7evrimi\u00e7i web sitesi: <a href=\"https:\/\/goo.gl\/WF1qan\" target=\"_blank\" rel=\"noopener\">https:\/\/goo.gl\/WF1qan<\/a><\/p>\n<p>&nbsp;<\/p>\n<h3><strong>Arap Aile K\u00fct\u00fcphanesi Salonu:<\/strong><\/h3>\n<p>Arap Aile K\u00fct\u00fcphanesi Salonu, \u0130stanbul&#8217;un merkezi b\u00f6lgesi Fatih b\u00f6lgesindeki stratejik konumuyla \u00f6ne \u00e7\u0131k\u0131yor. T\u00fcrkiye&#8217;nin en b\u00fcy\u00fck Arap toplama ve ge\u00e7i\u015f merkezi [Ak\u015femsettin Mah. H\u00fcsrev Pa\u015fa Sk. No12\/A Fatih\/\u0130stanbul] Google Haritalar ba\u011flant\u0131s\u0131: <a href=\"https:\/\/goo.gl\/maps\/VgDPSQMtCio\" target=\"_blank\" rel=\"noopener\">https:\/\/goo.gl\/maps\/VgDPSQMtCio<\/a><\/p>\n<p>&nbsp;<\/p>\n<h3><strong>Sizinle ortak olmaktan gurur duyuyoruz:<\/strong><\/h3>\n<p>Ortak ama\u00e7 ve hedeflerimize ula\u015fma yolunda i\u015fbirli\u011fi yapmaktan ve birlikte b\u00fct\u00fcnle\u015fmekten mutluluk ve onur duyuyoruz. Milletimizin ve nesillerimizin r\u00f6nesans\u0131na giden yolda bir mum yakacak ortak eylemlerin ba\u015flat\u0131lmas\u0131 konusunda de\u011ferli okuyucular\u0131mla ilgili g\u00f6r\u00fc\u015flerinizi tart\u0131\u015fmaktan memnuniyet duyuyoruz. Yukar\u0131da belirtilen alanlardan birinde davalar\u0131m\u0131za hizmet etmek i\u00e7in birlikte d\u00fc\u015f\u00fcnelim.<\/p>\n<p>Y\u00fcce Tanr\u0131&#8217;dan, Arap ailesi ve okuyucu i\u00e7in fark\u0131ndal\u0131k ve k\u00fclt\u00fcre hizmet etme yolunda yolumuza devam etmemize ve vizyonumuza ve misyonumuza ula\u015fmam\u0131za yard\u0131m etmesini diliyoruz.<\/p>\n<p>&nbsp;<\/p>\n<h4><strong>Arap Aile K\u00fct\u00fcphanesi<\/strong><\/h4>\n<p>G\u00fcvenli bilgi i\u00e7in en iyi se\u00e7iminiz<\/p>\n<p>[1997-2024]<\/p>\n","protected":false},"excerpt":{"rendered":"<p>Arap Aile K\u00fct\u00fcphanesi: T\u00fcrkiye&#8217;nin Arap\u00e7a aile yay\u0131nlar\u0131 konusunda uzmanla\u015fm\u0131\u015f ilk yay\u0131nevi ve k\u00fct\u00fcphanesi. Matbaac\u0131l\u0131k, sanatsal haz\u0131rl\u0131k ve yay\u0131nc\u0131l\u0131k d\u00fcnyas\u0131ndaki profesyonel yolculu\u011funa 1997 y\u0131l\u0131nda \u015eam&#8217;da ba\u015flad\u0131 ve resmi olarak yay\u0131n ve matbaa olarak tescil edildi. Daha sonra Arap ailesinin ve ailesinin k\u00fclt\u00fcrel ve e\u011fitimsel ihtiya\u00e7lar\u0131n\u0131 kar\u015f\u0131lamak \u00fczere 2013 y\u0131l\u0131nda \u0130stanbul&#8217;a ta\u015f\u0131nd\u0131. diasporadaki \u00fcyeler, \u00e7\u0131karlar\u0131 ne olursa [&hellip;]<\/p>\n","protected":false},"author":1,"featured_media":0,"parent":0,"menu_order":0,"comment_status":"closed","ping_status":"closed","template":"","meta":{"_acf_changed":false,"footnotes":""},"class_list":["post-5952","page","type-page","status-publish","hentry","_wholesalex wsx-wholesalex-product"],"acf":[],"_links":{"self":[{"href":"https:\/\/ufuknesriyat.wp.sawaftech.com\/tr\/wp-json\/wp\/v2\/pages\/5952","targetHints":{"allow":["GET"]}}],"collection":[{"href":"https:\/\/ufuknesriyat.wp.sawaftech.com\/tr\/wp-json\/wp\/v2\/pages"}],"about":[{"href":"https:\/\/ufuknesriyat.wp.sawaftech.com\/tr\/wp-json\/wp\/v2\/types\/page"}],"author":[{"embeddable":true,"href":"https:\/\/ufuknesriyat.wp.sawaftech.com\/tr\/wp-json\/wp\/v2\/users\/1"}],"replies":[{"embeddable":true,"href":"https:\/\/ufuknesriyat.wp.sawaftech.com\/tr\/wp-json\/wp\/v2\/comments?post=5952"}],"version-history":[{"count":0,"href":"https:\/\/ufuknesriyat.wp.sawaftech.com\/tr\/wp-json\/wp\/v2\/pages\/5952\/revisions"}],"wp:attachment":[{"href":"https:\/\/ufuknesriyat.wp.sawaftech.com\/tr\/wp-json\/wp\/v2\/media?parent=5952"}],"curies":[{"name":"wp","href":"https:\/\/api.w.org\/{rel}","templated":true}]}}