{"id":5958,"date":"2024-12-03T09:06:48","date_gmt":"2024-12-03T09:06:48","guid":{"rendered":"https:\/\/arabfamilybs.sawaftech.xyz\/yayincilik-politikalari\/"},"modified":"2024-12-03T09:06:48","modified_gmt":"2024-12-03T09:06:48","slug":"yayincilik-politikalari","status":"publish","type":"page","link":"https:\/\/ufuknesriyat.wp.sawaftech.com\/tr\/yayincilik-politikalari\/","title":{"rendered":"Yay\u0131nc\u0131l\u0131k Politikalar\u0131"},"content":{"rendered":"<ul>\n<li><strong>Bilgi yay\u0131nlar\u0131m\u0131z\u0131n i\u00e7eri\u011finin, \u0130slam hukukunun ilkelerine ve<\/strong> \u00fcmmetin \u00e2limleri taraf\u0131ndan kabul edildi\u011fi \u015fekliyle <strong>dinin y\u00fcce hedeflerine hizmet etmesini<\/strong> ve bu ba\u011flamda kritik bilimleri ve vizyonlar\u0131 geni\u015fletmesini <strong>sa\u011flamaya<\/strong> \u00e7al\u0131\u015f\u0131yoruz.<\/li>\n<li><strong>\u00c7e\u015fitli \u0130slami d\u00fc\u015f\u00fcnce ekollerine ait t\u00fcm yaz\u0131lar\u0131 kabul<\/strong> ediyor ve herkese ayn\u0131 mesafede duruyoruz. &#8220;Farkl\u0131 zihinlerin farkl\u0131 fikirlere sahip oldu\u011funu&#8221; vurgulayan disiplinler aras\u0131 diyalo\u011fu te\u015fvik ediyoruz.<\/li>\n<li><strong>Uzmanlara <\/strong>, \u0130slami mevzuat\u0131n en \u00f6nemli kaynaklar\u0131ndan biri olarak <strong>i\u00e7tihad\u0131n rol\u00fcn\u00fc yeniden canland\u0131rmalar\u0131 \u00e7a\u011fr\u0131s\u0131nda bulun <\/strong>uyoruz.<\/li>\n<li><strong>Bilimsel ara\u015ft\u0131rmalarda bilimlerin entegrasyonunu harekete ge\u00e7irmenin<\/strong>, bu ama\u00e7la t\u00fcm modern ara\u00e7lar\u0131 ve be\u015feri bilimlerin geri kalan\u0131n\u0131 kullanman\u0131n <strong>gereklili\u011fine inan<\/strong>\u0131yoruz, bu da ulusun zorluklar\u0131na yeni \u00e7\u00f6z\u00fcmler bulmay\u0131 ve uluslar aras\u0131nda arzu edilen medeniyet rol\u00fcn\u00fc yeniden kazanmay\u0131 garanti eder. Kur&#8217;an, S\u00fcnnet ve \u00fcmmetin her \u00e7a\u011fdaki alimlerinin icmas\u0131n\u0131n bu yakla\u015f\u0131m\u0131 g\u00fc\u00e7lendirdi\u011fine inan\u0131yoruz ve bu yakla\u015f\u0131m Abdullah bin \u00d6mer taraf\u0131ndan rivayet edilen ve Allah Resul\u00fc&#8217;n\u00fcn (sav) \u015f\u00f6yle buyurdu\u011fu hadisle desteklenmektedir: &#8220;Allah \u00fcmmetimi dalalette toplamayacakt\u0131r, Allah&#8217;\u0131n eli cemaatle birliktedir ve kim saparsa cehenneme sapar&#8221; [Tirmizi&#8217;den naklen]<\/li>\n<\/ul>\n","protected":false},"excerpt":{"rendered":"<p>Bilgi yay\u0131nlar\u0131m\u0131z\u0131n i\u00e7eri\u011finin, \u0130slam hukukunun ilkelerine ve \u00fcmmetin \u00e2limleri taraf\u0131ndan kabul edildi\u011fi \u015fekliyle dinin y\u00fcce hedeflerine hizmet etmesini ve bu ba\u011flamda kritik bilimleri ve vizyonlar\u0131 geni\u015fletmesini sa\u011flamaya \u00e7al\u0131\u015f\u0131yoruz. \u00c7e\u015fitli \u0130slami d\u00fc\u015f\u00fcnce ekollerine ait t\u00fcm yaz\u0131lar\u0131 kabul ediyor ve herkese ayn\u0131 mesafede duruyoruz. &#8220;Farkl\u0131 zihinlerin farkl\u0131 fikirlere sahip oldu\u011funu&#8221; vurgulayan disiplinler aras\u0131 diyalo\u011fu te\u015fvik ediyoruz. Uzmanlara [&hellip;]<\/p>\n","protected":false},"author":1,"featured_media":0,"parent":0,"menu_order":0,"comment_status":"closed","ping_status":"closed","template":"","meta":{"_acf_changed":false,"footnotes":""},"class_list":["post-5958","page","type-page","status-publish","hentry","_wholesalex wsx-wholesalex-product"],"acf":[],"_links":{"self":[{"href":"https:\/\/ufuknesriyat.wp.sawaftech.com\/tr\/wp-json\/wp\/v2\/pages\/5958","targetHints":{"allow":["GET"]}}],"collection":[{"href":"https:\/\/ufuknesriyat.wp.sawaftech.com\/tr\/wp-json\/wp\/v2\/pages"}],"about":[{"href":"https:\/\/ufuknesriyat.wp.sawaftech.com\/tr\/wp-json\/wp\/v2\/types\/page"}],"author":[{"embeddable":true,"href":"https:\/\/ufuknesriyat.wp.sawaftech.com\/tr\/wp-json\/wp\/v2\/users\/1"}],"replies":[{"embeddable":true,"href":"https:\/\/ufuknesriyat.wp.sawaftech.com\/tr\/wp-json\/wp\/v2\/comments?post=5958"}],"version-history":[{"count":0,"href":"https:\/\/ufuknesriyat.wp.sawaftech.com\/tr\/wp-json\/wp\/v2\/pages\/5958\/revisions"}],"wp:attachment":[{"href":"https:\/\/ufuknesriyat.wp.sawaftech.com\/tr\/wp-json\/wp\/v2\/media?parent=5958"}],"curies":[{"name":"wp","href":"https:\/\/api.w.org\/{rel}","templated":true}]}}