{"id":5961,"date":"2024-12-02T12:57:07","date_gmt":"2024-12-02T12:57:07","guid":{"rendered":"https:\/\/arabfamilybs.sawaftech.xyz\/nakliye-ve-teslimat\/"},"modified":"2025-02-09T09:29:03","modified_gmt":"2025-02-09T09:29:03","slug":"nakliye-ve-teslimat","status":"publish","type":"page","link":"https:\/\/ufuknesriyat.wp.sawaftech.com\/tr\/nakliye-ve-teslimat\/","title":{"rendered":"Nakliye ve Teslimat"},"content":{"rendered":"<h5><strong>Nakliye mekanizmalar\u0131:<\/strong><\/h5>\n<ul>\n<li>Sipari\u015fleriniz T\u00fcrkiye i\u00e7inde PTT ve YURT \u0130\u00c7\u0130 olmak \u00fczere kargo anla\u015fmam\u0131z olan T\u00fcrkiye&#8217;nin ve d\u00fcnyan\u0131n en b\u00fcy\u00fck kargo \u015firketleri ile g\u00f6nderilecektir. T\u00fcrkiye d\u0131\u015f\u0131 i\u00e7in FEDEX ve TNT.<\/li>\n<li>Kitap teslim s\u00fcresi bulundu\u011funuz yere ba\u011fl\u0131 olarak 1-2 i\u015f g\u00fcn\u00fc + sitede belirtilen size g\u00f6nderim s\u00fcresidir.<\/li>\n<li>Dikkat: Size iade edilen t\u00fcm sipari\u015flerin \u00fczerine do\u011frudan ileti\u015fim numaran\u0131z\u0131 yazmal\u0131s\u0131n\u0131z.<\/li>\n<\/ul>\n<p>&nbsp;<\/p>\n<ul>\n<li>\n<h6><strong>Garanti ve de\u011fi\u015fim ko\u015fullar\u0131:<\/strong><\/h6>\n<\/li>\n<li>T\u00fcm \u00fcr\u00fcnler \u00fcretici garantilerine tabidir. Aksi belirtilmedik\u00e7e. Garanti \u015fartlar\u0131n\u0131n ge\u00e7erli olabilmesi i\u00e7in. Toplama i\u015flemi s\u0131ras\u0131nda \u00fcr\u00fcn\u00fc kontrol etti\u011finizden emin olun.<\/li>\n<li>com, hasar g\u00f6rmemi\u015f ve teslimat tarihinden itibaren en fazla 7 g\u00fcn boyunca kullan\u0131lmam\u0131\u015f herhangi bir \u00fcr\u00fcn\u00fc de\u011fi\u015ftirmeyi taahh\u00fct eder. Nakliye ve ta\u015f\u0131ma masraflar\u0131 m\u00fc\u015fteriye aittir.<\/li>\n<li>com, tam olarak kullan\u0131lmas\u0131n\u0131 engelleyen bariz bir \u00fcretim hatas\u0131 oldu\u011fu tespit edilen herhangi bir \u00fcr\u00fcn\u00fc de\u011fi\u015ftirmeyi taahh\u00fct eder. M\u00fc\u015fterinin teslim ald\u0131\u011f\u0131 tarihten itibaren 7 g\u00fcn i\u00e7inde bize yazmas\u0131ndan sonra. Nakliye \u015firketi taraf\u0131ndan bize iade edilen kusurlu \u00fcr\u00fcn yeni bir \u00fcr\u00fcnle de\u011fi\u015ftirilecektir. T\u00fcm nakliye masraflar\u0131 tamamen arabfamilybs.com&#8217;un sorumlulu\u011fundad\u0131r.<\/li>\n<li>Sipari\u015f edilen \u00fcr\u00fcn m\u00fc\u015fterinin kullan\u0131m\u0131ndan dolay\u0131 hatal\u0131 ise veya \u00fcr\u00fcn 7 g\u00fcn i\u00e7inde kullan\u0131l\u0131rsa. \u00dcr\u00fcn iade edilemez veya de\u011fi\u015ftirilemez. Yukar\u0131da belirtilen i\u015flem 4077 say\u0131l\u0131 T\u00fcketicinin Korunmas\u0131 Hakk\u0131nda Kanun uyar\u0131nca korunmaktad\u0131r.<\/li>\n<\/ul>\n","protected":false},"excerpt":{"rendered":"<p>Nakliye mekanizmalar\u0131: Sipari\u015fleriniz T\u00fcrkiye i\u00e7inde PTT ve YURT \u0130\u00c7\u0130 olmak \u00fczere kargo anla\u015fmam\u0131z olan T\u00fcrkiye&#8217;nin ve d\u00fcnyan\u0131n en b\u00fcy\u00fck kargo \u015firketleri ile g\u00f6nderilecektir. T\u00fcrkiye d\u0131\u015f\u0131 i\u00e7in FEDEX ve TNT. Kitap teslim s\u00fcresi bulundu\u011funuz yere ba\u011fl\u0131 olarak 1-2 i\u015f g\u00fcn\u00fc + sitede belirtilen size g\u00f6nderim s\u00fcresidir. Dikkat: Size iade edilen t\u00fcm sipari\u015flerin \u00fczerine do\u011frudan ileti\u015fim numaran\u0131z\u0131 [&hellip;]<\/p>\n","protected":false},"author":1,"featured_media":0,"parent":0,"menu_order":0,"comment_status":"closed","ping_status":"closed","template":"","meta":{"_acf_changed":false,"footnotes":""},"class_list":["post-5961","page","type-page","status-publish","hentry","_wholesalex wsx-wholesalex-product"],"acf":[],"_links":{"self":[{"href":"https:\/\/ufuknesriyat.wp.sawaftech.com\/tr\/wp-json\/wp\/v2\/pages\/5961","targetHints":{"allow":["GET"]}}],"collection":[{"href":"https:\/\/ufuknesriyat.wp.sawaftech.com\/tr\/wp-json\/wp\/v2\/pages"}],"about":[{"href":"https:\/\/ufuknesriyat.wp.sawaftech.com\/tr\/wp-json\/wp\/v2\/types\/page"}],"author":[{"embeddable":true,"href":"https:\/\/ufuknesriyat.wp.sawaftech.com\/tr\/wp-json\/wp\/v2\/users\/1"}],"replies":[{"embeddable":true,"href":"https:\/\/ufuknesriyat.wp.sawaftech.com\/tr\/wp-json\/wp\/v2\/comments?post=5961"}],"version-history":[{"count":0,"href":"https:\/\/ufuknesriyat.wp.sawaftech.com\/tr\/wp-json\/wp\/v2\/pages\/5961\/revisions"}],"wp:attachment":[{"href":"https:\/\/ufuknesriyat.wp.sawaftech.com\/tr\/wp-json\/wp\/v2\/media?parent=5961"}],"curies":[{"name":"wp","href":"https:\/\/api.w.org\/{rel}","templated":true}]}}