{"id":5962,"date":"2024-12-02T13:21:00","date_gmt":"2024-12-02T13:21:00","guid":{"rendered":"https:\/\/arabfamilybs.sawaftech.xyz\/gizlilik-ve-guvenlik\/"},"modified":"2024-12-02T13:21:00","modified_gmt":"2024-12-02T13:21:00","slug":"gizlilik-ve-guvenlik","status":"publish","type":"page","link":"https:\/\/ufuknesriyat.wp.sawaftech.com\/tr\/gizlilik-ve-guvenlik\/","title":{"rendered":"Gizlilik ve g\u00fcvenlik"},"content":{"rendered":"<ul>\n<li>\n<h6>Kredi kart\u0131 bilgileri sistemimizde tutulmamaktad\u0131r. \u015eifreli olarak al\u0131n\u0131r ve sipari\u015f tutar\u0131 tahsil edildikten sonra otomatik olarak silinir. <\/h6>\n<\/li>\n<li>\n<h6>\u00dcyelik bilgileri ve gizli \u00fcye bilgileri ba\u015fka ki\u015fi ve kurulu\u015flara verilmez.<\/h6>\n<\/li>\n<li>\n<h6>\u00dcyelik bilgilerinizi yaln\u0131zca siz kontrol edebilir ve d\u00fczenleyebilirsiniz.<\/h6>\n<\/li>\n<\/ul>\n","protected":false},"excerpt":{"rendered":"<p>Kredi kart\u0131 bilgileri sistemimizde tutulmamaktad\u0131r. \u015eifreli olarak al\u0131n\u0131r ve sipari\u015f tutar\u0131 tahsil edildikten sonra otomatik olarak silinir. \u00dcyelik bilgileri ve gizli \u00fcye bilgileri ba\u015fka ki\u015fi ve kurulu\u015flara verilmez. \u00dcyelik bilgilerinizi yaln\u0131zca siz kontrol edebilir ve d\u00fczenleyebilirsiniz.<\/p>\n","protected":false},"author":1,"featured_media":0,"parent":0,"menu_order":0,"comment_status":"closed","ping_status":"closed","template":"","meta":{"_acf_changed":false,"footnotes":""},"class_list":["post-5962","page","type-page","status-publish","hentry","_wholesalex wsx-wholesalex-product"],"acf":[],"_links":{"self":[{"href":"https:\/\/ufuknesriyat.wp.sawaftech.com\/tr\/wp-json\/wp\/v2\/pages\/5962","targetHints":{"allow":["GET"]}}],"collection":[{"href":"https:\/\/ufuknesriyat.wp.sawaftech.com\/tr\/wp-json\/wp\/v2\/pages"}],"about":[{"href":"https:\/\/ufuknesriyat.wp.sawaftech.com\/tr\/wp-json\/wp\/v2\/types\/page"}],"author":[{"embeddable":true,"href":"https:\/\/ufuknesriyat.wp.sawaftech.com\/tr\/wp-json\/wp\/v2\/users\/1"}],"replies":[{"embeddable":true,"href":"https:\/\/ufuknesriyat.wp.sawaftech.com\/tr\/wp-json\/wp\/v2\/comments?post=5962"}],"version-history":[{"count":0,"href":"https:\/\/ufuknesriyat.wp.sawaftech.com\/tr\/wp-json\/wp\/v2\/pages\/5962\/revisions"}],"wp:attachment":[{"href":"https:\/\/ufuknesriyat.wp.sawaftech.com\/tr\/wp-json\/wp\/v2\/media?parent=5962"}],"curies":[{"name":"wp","href":"https:\/\/api.w.org\/{rel}","templated":true}]}}