{"id":5965,"date":"2024-12-02T12:59:01","date_gmt":"2024-12-02T12:59:01","guid":{"rendered":"https:\/\/arabfamilybs.sawaftech.xyz\/uyelik-avantajlari-ve-kurallari\/"},"modified":"2024-12-02T12:59:01","modified_gmt":"2024-12-02T12:59:01","slug":"uyelik-avantajlari-ve-kurallari","status":"publish","type":"page","link":"https:\/\/ufuknesriyat.wp.sawaftech.com\/tr\/uyelik-avantajlari-ve-kurallari\/","title":{"rendered":"\u00dcyelik Avantajlar\u0131 ve Kurallar\u0131"},"content":{"rendered":"<p>1- \u00dcyelik, \u00fcyelere daha iyi bir sat\u0131n alma deneyimi sa\u011flar. Onlar\u0131 yeni \u00e7\u0131kan haberler ve Arap Aile K\u00fct\u00fcphanesi taraf\u0131ndan d\u00fczenlenen en son etkinlik ve faaliyetler hakk\u0131nda bilgilendirir. Sitede ba\u015flat\u0131lan kampanya ve indirimlere ek olarak.<\/p>\n<p>2<strong>&#8211; <\/strong>Puan sistemi<strong>:<\/strong><br \/>\nHer sat\u0131n al\u0131mda puan biriktirme avantaj\u0131, k\u00fct\u00fcphanenin s\u00fcrekli olarak ba\u015flatt\u0131\u011f\u0131 ve d\u00fczenledi\u011fi hizmetlerden, geli\u015fim ve e\u011fitim etkinliklerinden, destek programlar\u0131ndan ve hibelerden yararlanmay\u0131 art\u0131rmak i\u00e7in di\u011fer bir\u00e7ok avantaj\u0131n yan\u0131 s\u0131ra ola\u011fan\u00fcst\u00fc \u00f6zel indirimler elde etme f\u0131rsat\u0131 sa\u011flar.<\/p>\n<p>Puan sistemi ve \u00fcyelik seviyelerinin avantajlar\u0131 yak\u0131n zamanda detayl\u0131 olarak a\u00e7\u0131klanacak in\u015faAllah.<\/p>\n<p>3- Kay\u0131tl\u0131 olan t\u00fcm \u00fcyelik verileri g\u00fcvenli ve koruma alt\u0131nda olup, di\u011fer \u00fcyeler taraf\u0131ndan g\u00f6r\u00fclemez ve hi\u00e7bir \u015fekilde hi\u00e7bir tarafa verilmez.<\/p>\n<p>4- \u00dcyelik i\u00e7in kay\u0131t yapt\u0131ran ki\u015finin kendisine veya 18 ya\u015f\u0131n\u0131 doldurmam\u0131\u015f aile \u00fcyelerinden birine ait ki\u015fisel verileri sa\u011flamas\u0131 zorunludur, hayali veya ba\u015fka bir ki\u015fiye ait verilerin sa\u011flanmas\u0131na izin verilmez.<\/p>\n<p>5- \u00dcye kay\u0131t olmadan \u00f6nce arabfamilybs.com sitesinde belirtilen sat\u0131\u015f kurallar\u0131n\u0131 ve garanti ko\u015fullar\u0131n\u0131 okumal\u0131d\u0131r.<\/p>\n<p>6- \u00dcye, Arap Aile K\u00fct\u00fcphanesi hizmet ve faaliyetlerine kat\u0131l\u0131m\u0131 s\u0131ras\u0131nda genel ahlaka ve T\u00fcrkiye Cumhuriyeti&#8217;nde \u00f6ng\u00f6r\u00fclen t\u00fcm yasalara uymakla, \u00f6zellikle korsan kitaplarla veya taraflar\u0131n izni olmadan internette yay\u0131nlanan kitaplarla m\u00fccadele etmekle y\u00fck\u00fcml\u00fcd\u00fcr. bu onlar\u0131n sahibi.<\/p>\n","protected":false},"excerpt":{"rendered":"<p>1- \u00dcyelik, \u00fcyelere daha iyi bir sat\u0131n alma deneyimi sa\u011flar. Onlar\u0131 yeni \u00e7\u0131kan haberler ve Arap Aile K\u00fct\u00fcphanesi taraf\u0131ndan d\u00fczenlenen en son etkinlik ve faaliyetler hakk\u0131nda bilgilendirir. Sitede ba\u015flat\u0131lan kampanya ve indirimlere ek olarak. 2&#8211; Puan sistemi: Her sat\u0131n al\u0131mda puan biriktirme avantaj\u0131, k\u00fct\u00fcphanenin s\u00fcrekli olarak ba\u015flatt\u0131\u011f\u0131 ve d\u00fczenledi\u011fi hizmetlerden, geli\u015fim ve e\u011fitim etkinliklerinden, destek [&hellip;]<\/p>\n","protected":false},"author":1,"featured_media":0,"parent":0,"menu_order":0,"comment_status":"closed","ping_status":"closed","template":"","meta":{"_acf_changed":false,"footnotes":""},"class_list":["post-5965","page","type-page","status-publish","hentry","_wholesalex wsx-wholesalex-product"],"acf":[],"_links":{"self":[{"href":"https:\/\/ufuknesriyat.wp.sawaftech.com\/tr\/wp-json\/wp\/v2\/pages\/5965","targetHints":{"allow":["GET"]}}],"collection":[{"href":"https:\/\/ufuknesriyat.wp.sawaftech.com\/tr\/wp-json\/wp\/v2\/pages"}],"about":[{"href":"https:\/\/ufuknesriyat.wp.sawaftech.com\/tr\/wp-json\/wp\/v2\/types\/page"}],"author":[{"embeddable":true,"href":"https:\/\/ufuknesriyat.wp.sawaftech.com\/tr\/wp-json\/wp\/v2\/users\/1"}],"replies":[{"embeddable":true,"href":"https:\/\/ufuknesriyat.wp.sawaftech.com\/tr\/wp-json\/wp\/v2\/comments?post=5965"}],"version-history":[{"count":0,"href":"https:\/\/ufuknesriyat.wp.sawaftech.com\/tr\/wp-json\/wp\/v2\/pages\/5965\/revisions"}],"wp:attachment":[{"href":"https:\/\/ufuknesriyat.wp.sawaftech.com\/tr\/wp-json\/wp\/v2\/media?parent=5965"}],"curies":[{"name":"wp","href":"https:\/\/api.w.org\/{rel}","templated":true}]}}