{"id":5967,"date":"2024-12-02T12:42:05","date_gmt":"2024-12-02T12:42:05","guid":{"rendered":"https:\/\/arabfamilybs.sawaftech.xyz\/kalite-politikasi\/"},"modified":"2024-12-02T12:42:05","modified_gmt":"2024-12-02T12:42:05","slug":"kalite-politikasi","status":"publish","type":"page","link":"https:\/\/ufuknesriyat.wp.sawaftech.com\/tr\/kalite-politikasi\/","title":{"rendered":"Kalite Politikas\u0131"},"content":{"rendered":"<p>Yay\u0131nc\u0131l\u0131k ve e\u011fitim alanlar\u0131n\u0131n her \u015feyden \u00f6nce bir misyon ve d\u00fcr\u00fcstl\u00fck oldu\u011funa inan\u0131yoruz. Ve uluslar aras\u0131ndaki rol\u00fcn\u00fc ve k\u00fclt\u00fcrel stat\u00fcs\u00fcn\u00fc yeniden tesis etmek i\u00e7in zihinlerin in\u015fa edilmesinde ve ulusun r\u00f6nesans\u0131nda temel rol\u00fc. Bu nedenle \u00e7ocuklar\u0131m\u0131za ve ailelerimize, sorunlar\u0131na ve zorluklar\u0131na \u00e7\u00f6z\u00fcm bulma konusunda kaliteli, ilham verici \u00fcr\u00fcnler sunmaya istekliyiz. Uygun ba\u015fl\u0131\u011f\u0131n se\u00e7ilmesiyle ba\u015flayarak, E\u011fitsel, bilimsel ve sanatsal a\u00e7\u0131dan bilimsel i\u00e7erik geli\u015ftirmek, Ve sevgili okurumuza yak\u0131\u015fan en g\u00fczel \u015fekilde \u00fcretmek.<\/p>\n<p>\u00dcr\u00fcnlerimizde hem bi\u00e7im hem de i\u00e7eri\u011fin bir b\u00fct\u00fcn olarak ele al\u0131nmas\u0131na \u00e7ok \u00f6nem veriyoruz. Okuma s\u00fcrecinde en \u00fcst d\u00fczeyde fayda ve keyif sa\u011flayan farkl\u0131 bir atmosfer sa\u011flamak.<br \/>\nNesillerimize fayda sa\u011flayacak faydal\u0131 bir \u00fcr\u00fcn sunmak i\u00e7in Arap ve \u0130slam d\u00fcnyas\u0131n\u0131n her yerinden bir mesaj, vizyon ve y\u00fcce hedeflere sahip se\u00e7kin yazar, yazar ve e\u011fitimcilerden olu\u015fan se\u00e7kin bir grupla i\u015fbirli\u011fi yap\u0131yoruz. Ve sevgili okuyucular\u0131m\u0131z\u0131n d\u00fc\u015f\u00fcncelerine sayg\u0131 duyar\u0131z, Rahats\u0131z edici bir azalma veya s\u0131k\u0131c\u0131 bir uzatma olmaks\u0131z\u0131n, odaklanm\u0131\u015f ve do\u011frudan bir \u015fekilde onlara fayda sa\u011flar. Davalar\u0131m\u0131za hizmet etmek i\u00e7in s\u00fcrekli onlarla birlikte d\u00fc\u015f\u00fcn\u00fcyor, milletimizin r\u00f6nesans\u0131na giden yolda bir mum yakan ortak \u00e7al\u0131\u015fmalar \u00fcretiyoruz.<br \/>\nSe\u00e7ti\u011fimiz yay\u0131n\u0131n, ba\u015f\u0131ndan beri bizim i\u00e7in belirledi\u011fimiz genel yakla\u015f\u0131ma uygun olmas\u0131na \u00f6zen g\u00f6steriyoruz. Bu \u00f6zg\u00fcnl\u00fck ve modernli\u011fin bir birle\u015fimidir. do\u011fruluk ve bilimsel referans, Sunumda kolayl\u0131k ve sadelik, \u0130\u00e7erik zenginli\u011fi ve \u00e7e\u015fitlili\u011fi, \u015eekil ve tasar\u0131mda konforlu g\u00fczellik.<br \/>\nOkuyucunun genel zevkine sayg\u0131 duyuyoruz, Onun eklektik ve ele\u015ftirel g\u00f6rsel k\u00fclt\u00fcr\u00fcn\u00fc takdir ediyoruz. Bu nedenle \u00fcr\u00fcn\u00fcn her detay\u0131nda y\u00fcksek d\u00fczeyde renk koordinasyonu ve uyumu kullanmaya \u00f6zen g\u00f6steriyoruz. \u00d6yle ki her \u00fcr\u00fcn okuyucuyu kendi d\u00fcnyas\u0131na g\u00f6t\u00fcren \u00f6zel bir g\u00f6rsel kimlik ta\u015f\u0131r.<br \/>\n\u00dcr\u00fcnlerimizin g\u00fcvenli kullan\u0131m\u0131na olanak tan\u0131yan en iyi t\u00fcrdeki sa\u011fl\u0131kl\u0131 hammaddeleri kullan\u0131yoruz.<br \/>\nBilgi aktar\u0131m\u0131 alan\u0131nda teknoloji ve yapay zeka d\u00fcnyas\u0131ndaki yeni olan her \u015feye ayak uyduruyoruz. Bilgi aktar\u0131c\u0131lar\u0131 olarak misyonumuzu ve misyonumuzu hizmet etmek i\u00e7in onu kullanmaya \u00e7al\u0131\u015f\u0131yoruz. Yay\u0131nlar\u0131m\u0131zda internet \u00fczerinden konuyla ilgili \u00e7e\u015fitli bilgi alanlar\u0131n\u0131 okuyucuya a\u00e7an dijital linklere yer veriyoruz. ve materyalin ses kayd\u0131, bilimsel testler ve deneyler, <\/p>\n<p>Bilin\u00e7li Arap ailesinin bilgi ivmesi ve be\u015feri bilimler \u00e7a\u011f\u0131nda ihtiya\u00e7 duydu\u011fu her \u015fey i\u00e7in yay\u0131nlar\u0131m\u0131zdan olu\u015fan \u00e7e\u015fitlendirilmi\u015f bir paket sunuyoruz. \u00dcr\u00fcnlerimizi mevcut t\u00fcm ara\u00e7larla sunmaya istekliyiz; \u0130stanbul&#8217;daki ana salonumuz arac\u0131l\u0131\u011f\u0131yla \u00fcr\u00fcnlerimizi mevcut t\u00fcm ara\u00e7larla sunmaya istekliyiz. Acenteler ve distrib\u00fct\u00f6rler arac\u0131l\u0131\u011f\u0131yla, Yerel ve uluslararas\u0131 sergilere kat\u0131l\u0131m, Online ma\u011fazam\u0131z ve sosyal medya platformlar\u0131m\u0131z arac\u0131l\u0131\u011f\u0131yla, Bu y\u00f6ntemleri s\u00fcrekli geli\u015ftiriyor ve geni\u015fletiyoruz.<br \/>\n\u00c7e\u015fitli geli\u015fim ve k\u00fclt\u00fcrel etkinlikler d\u00fczenleyerek izleyicilerimize y\u00f6nelik \u00f6\u011frenme ve geli\u015fim s\u00fcrecini takip ediyoruz. Diasporadaki nesillerimiz i\u00e7in Arap dilinin desteklenmesi ve korunmas\u0131na y\u00f6nelik entelekt\u00fcel dersler haz\u0131rlamak, Psikolojik destek ile ki\u015fisel ve y\u00f6netsel geli\u015fim kurslar\u0131n\u0131n denetlenmesi, Ve di\u011ferleri.<br \/>\nOla\u011fan\u00fcst\u00fc yetenek ve enerjileri besliyoruz, Edebi ve k\u00fclt\u00fcrel yar\u0131\u015fmalar d\u00fczenleyerek, se\u00e7kin eserleri yay\u0131nlayarak.<\/p>\n","protected":false},"excerpt":{"rendered":"<p>Yay\u0131nc\u0131l\u0131k ve e\u011fitim alanlar\u0131n\u0131n her \u015feyden \u00f6nce bir misyon ve d\u00fcr\u00fcstl\u00fck oldu\u011funa inan\u0131yoruz. Ve uluslar aras\u0131ndaki rol\u00fcn\u00fc ve k\u00fclt\u00fcrel stat\u00fcs\u00fcn\u00fc yeniden tesis etmek i\u00e7in zihinlerin in\u015fa edilmesinde ve ulusun r\u00f6nesans\u0131nda temel rol\u00fc. Bu nedenle \u00e7ocuklar\u0131m\u0131za ve ailelerimize, sorunlar\u0131na ve zorluklar\u0131na \u00e7\u00f6z\u00fcm bulma konusunda kaliteli, ilham verici \u00fcr\u00fcnler sunmaya istekliyiz. Uygun ba\u015fl\u0131\u011f\u0131n se\u00e7ilmesiyle ba\u015flayarak, E\u011fitsel, bilimsel [&hellip;]<\/p>\n","protected":false},"author":1,"featured_media":0,"parent":0,"menu_order":0,"comment_status":"closed","ping_status":"closed","template":"","meta":{"_acf_changed":false,"footnotes":""},"class_list":["post-5967","page","type-page","status-publish","hentry","_wholesalex wsx-wholesalex-product"],"acf":[],"_links":{"self":[{"href":"https:\/\/ufuknesriyat.wp.sawaftech.com\/tr\/wp-json\/wp\/v2\/pages\/5967","targetHints":{"allow":["GET"]}}],"collection":[{"href":"https:\/\/ufuknesriyat.wp.sawaftech.com\/tr\/wp-json\/wp\/v2\/pages"}],"about":[{"href":"https:\/\/ufuknesriyat.wp.sawaftech.com\/tr\/wp-json\/wp\/v2\/types\/page"}],"author":[{"embeddable":true,"href":"https:\/\/ufuknesriyat.wp.sawaftech.com\/tr\/wp-json\/wp\/v2\/users\/1"}],"replies":[{"embeddable":true,"href":"https:\/\/ufuknesriyat.wp.sawaftech.com\/tr\/wp-json\/wp\/v2\/comments?post=5967"}],"version-history":[{"count":0,"href":"https:\/\/ufuknesriyat.wp.sawaftech.com\/tr\/wp-json\/wp\/v2\/pages\/5967\/revisions"}],"wp:attachment":[{"href":"https:\/\/ufuknesriyat.wp.sawaftech.com\/tr\/wp-json\/wp\/v2\/media?parent=5967"}],"curies":[{"name":"wp","href":"https:\/\/api.w.org\/{rel}","templated":true}]}}