{"id":5968,"date":"2024-12-02T13:27:42","date_gmt":"2024-12-02T13:27:42","guid":{"rendered":"https:\/\/arabfamilybs.sawaftech.xyz\/yazarlar-hakkinda\/"},"modified":"2024-12-02T13:27:42","modified_gmt":"2024-12-02T13:27:42","slug":"yazarlar-hakkinda","status":"publish","type":"page","link":"https:\/\/ufuknesriyat.wp.sawaftech.com\/tr\/yazarlar-hakkinda\/","title":{"rendered":"Yazarlar Hakk\u0131nda"},"content":{"rendered":"<p>T\u00fcm standartlara g\u00f6re faydal\u0131 bir \u00fcr\u00fcn sunmak i\u00e7in, Arap ve \u0130slam d\u00fcnyas\u0131n\u0131n her yerinden, ciddi yaz\u0131lar\u0131 ve sofistike \u00fcsluplar\u0131yla tan\u0131nan, bir mesaj\u0131, vizyonu ve y\u00fcksek hedefleri olan se\u00e7kin yazar, yazar ve e\u011fitimcilerle i\u015fbirli\u011fi yap\u0131yoruz. Siz de\u011ferli okurlar\u0131m\u0131z\u0131n akl\u0131na sayg\u0131 duyan, s\u0131k\u0131c\u0131 uzatmalara yol a\u00e7madan, \u00e7arp\u0131tmadan, odakl\u0131 ve do\u011frudan faydalar sa\u011flayan nesillerimize, davalar\u0131m\u0131za hizmet etmek i\u00e7in s\u00fcrekli onlarla birlikte d\u00fc\u015f\u00fcn\u00fcyor ve ortak \u00e7al\u0131\u015fmalara \u0131\u015f\u0131k tutuyoruz. nesillerimizi haz\u0131rlaman\u0131n ve r\u00f6nesans\u0131n yolundaki mum. Milletimiz. Se\u00e7ti\u011fimiz yay\u0131n\u0131n, ba\u015ftan beri bizim i\u00e7in belirledi\u011fimiz genel yakla\u015f\u0131m dahilinde, \u00f6zg\u00fcnl\u00fck ve modernlik, do\u011fruluk ve bilimsel referans, sunum kolayl\u0131\u011f\u0131 ve sadeli\u011fi, i\u00e7eri\u011fin zenginli\u011fi ve \u00e7e\u015fitlili\u011fi ile birle\u015ftirilmesine \u00f6zen g\u00f6steriyoruz.     <\/p>\n<p>&nbsp;<\/p>\n<p>&#8212;&#8212;&#8212;&#8212;&#8212;&#8212;&#8212;&#8212;&#8212;&#8212;&#8212;&#8212;&#8212;&#8212;&#8212;&#8212;&#8212;&#8212;&#8212;&#8212;&#8212;-<\/p>\n<h6><strong>Prof. Dr. Abd\u00fclkerim Bakkar \/ Suriye<\/strong><\/h6>\n<p>Dr. Abdulkerim bin Muhammed El-Hassan Bakkar, \u0130slam medeniyeti, r\u00f6nesans, d\u00fc\u015f\u00fcnce, e\u011fitim ve \u0130slam medeniyeti ile ilgili \u00e7e\u015fitli konular\u0131n \u00f6zg\u00fcn ve yenilenmi\u015f bir sunumunu sunmay\u0131 ama\u00e7layan e\u011fitim ve \u0130slam d\u00fc\u015f\u00fcncesi alanlar\u0131n\u0131n \u00f6nde gelen yazarlar\u0131ndan biridir. savunuculuk \u00e7al\u0131\u015fmas\u0131. Dr. Bakkar&#8217;\u0131n bu alanda \u00e7o\u011fu Arap d\u00fcnyas\u0131n\u0131n \u00e7e\u015fitli \u00fclkelerinde yayg\u0131n olarak pop\u00fcler olan altm\u0131\u015ftan fazla kitab\u0131 vard\u0131r ve bunlar\u0131n bir k\u0131sm\u0131 bir\u00e7ok dile \u00e7evrilmi\u015ftir. Y\u00fczlerce saatlik ses kayd\u0131 yap\u0131ld\u0131 ve ses kay\u0131t k\u00fct\u00fcphanelerinde yay\u0131nland\u0131. &#8212;&#8212;&#8212;&#8212;&#8212;&#8212;&#8212;&#8212;&#8212;&#8212;&#8212;&#8212;&#8212;&#8212;&#8212;&#8212;&#8211; &#8212;&#8212;&#8212;&#8212;&#8211;  <\/p>\n<h6><strong>D. Yaser Al-Aiti \/ Suriye <\/strong><\/h6>\n<p>1992 y\u0131l\u0131nda \u015eam T\u0131p Fak\u00fcltesinden mezun olan ve e\u011fitimini \u0130ngiltere ile Amerika aras\u0131nda psikoloji ve be\u015feri bilimler alan\u0131nda tamamlayan Suriyeli bir doktordur. Geli\u015fim ve sosyal beceriler alan\u0131nda bir\u00e7ok kitap yazm\u0131\u015f ve Arap\u00e7aya \u00e7evirmi\u015ftir. , liderlik ve duygusal zeka becerilerine sahip olup kitaplar\u0131nda ve derslerinde \u0130slam toplumunun k\u00fclt\u00fcr ve de\u011ferlerine uygun olarak sunmaktad\u0131r. &#8212;&#8212;&#8212;&#8212;&#8212;&#8212;&#8212;&#8212;&#8212;&#8212;&#8212;&#8212;&#8212;&#8212;&#8212;&#8212;&#8211; &#8212;&#8212;&#8212;&#8212;&#8211;   <\/p>\n<h6><strong>Prof. Dr. Fatina Mardini \/ Suriye<\/strong><\/h6>\n<p>CV&#8217;yi yak\u0131nda sunaca\u011f\u0131z &#8212;&#8212;&#8212;&#8212;&#8212;&#8212;&#8212;&#8212;&#8212;&#8212;&#8212;&#8212;&#8212;&#8212;&#8211; &#8212; &#8212;&#8212;&#8212;&#8212;&#8212;&#8212;<\/p>\n<h6><strong>A. Manaf Baaj \/ Suriye <\/strong><\/h6>\n<p>Suriyeli yazar, dilbilimci ve \u015fair. Suriye&#8217;nin Deyrizor \u015fehrinde do\u011fdu. 2003 y\u0131l\u0131nda \u015eam \u00dcniversitesi Arap Dili B\u00f6l\u00fcm\u00fc&#8217;nden mezun oldu. Bedireddin el-Hasani Enstit\u00fcs\u00fc&#8217;nde \u015eeriat ilimleri okudu ve e\u011fitim alan\u0131nda diploma ald\u0131. \u015eam \u00dcniversitesi&#8217;nden diploma ald\u0131 ve \u0130stanbul&#8217;da kendisi i\u00e7in bir kitap yay\u0131nlad\u0131: Tarihten Parlak Durumlar\/Birinci B\u00f6l\u00fcm), (D\u00fc\u015fleri Nas\u0131l Ger\u00e7ek Oldu) ve yaz\u0131l\u0131 bir inceleme (Clear Grammar). ) birincil ve ikincil seviyeler i\u00e7in. Bir \u015fiir koleksiyonu, iki roman\u0131, bir k\u0131sa \u00f6yk\u00fc koleksiyonu ve ba\u015fka bas\u0131l\u0131 eserleri bulunmaktad\u0131r. &#8212;&#8212;&#8212;&#8212;&#8212;&#8212;&#8212;&#8212;&#8212;&#8212;&#8212;&#8212;&#8212;&#8212;&#8212;&#8212;&#8211; &#8212;&#8212;&#8212;&#8212;&#8211;<\/p>\n<h6><strong>Prof. Dr. Mazen Hashem \/ Suriye<\/strong><\/h6>\n<p>\u015eam&#8217;da do\u011fdu ve \u00fcniversite e\u011fitimine burada ba\u015flad\u0131, sosyoloji alan\u0131nda uzmanla\u015ft\u0131 ve Amerika Birle\u015fik Devletleri&#8217;ndeki Kaliforniya \u00dcniversitesi&#8217;nden bu alanda doktora derecesi ald\u0131. G\u00fcney Kaliforniya \u00dcniversitesi&#8217;nde \u00fcniversite profes\u00f6r\u00fc olup, son zamanlarda T\u00fcrk \u00fcniversitelerinde misafir profes\u00f6r olarak g\u00f6rev yapmaktad\u0131r. Kaliforniya&#8217;daki K\u00fclt\u00fcrel Ara\u015ft\u0131rmalar Merkezi&#8217;nin kurucusu, Al-Rashad dergisinin genel yay\u0131n y\u00f6netmeni, Amerika M\u00fcsl\u00fcman Sosyal Bilimciler Derne\u011fi&#8217;nin eski y\u00f6netim kurulu \u00fcyesi ve Amerikan Sosyoloji Derne\u011fi \u00fcyesidir. . Omran Stratejik Ara\u015ft\u0131rmalar Merkezi&#8217;nde ara\u015ft\u0131rma direkt\u00f6r\u00fc olarak \u00e7al\u0131\u015ft\u0131. Bilimsel dergilerde yay\u0131nlanm\u0131\u015f \u00e7ok say\u0131da makalesi vard\u0131r ve ara\u015ft\u0131rmalar\u0131, \u0130slam d\u00fc\u015f\u00fcncesi, \u015eeriat&#8217;\u0131n ama\u00e7lar\u0131, ara\u015ft\u0131rma metodolojisi, de\u011fi\u015fim hareketleri, dengeli kalk\u0131nma ve Kuzey Amerika&#8217;daki M\u00fcsl\u00fcman varl\u0131\u011f\u0131na ili\u015fkin incelemeler de dahil olmak \u00fczere \u00e7e\u015fitli alanlarda \u00e7e\u015fitlilik g\u00f6stermektedir. &#8212;&#8212;&#8212;&#8212;&#8212;&#8212;&#8212;&#8212;&#8212;&#8212;&#8212;&#8212;&#8212;&#8212;&#8212;&#8212;&#8211; &#8212;&#8212;&#8212;&#8212;&#8211;               <\/p>\n<h6><strong>Prof. Dr. Abdul Majeed Al-Zindani \/ Yemen<\/strong><\/h6>\n<p>1942 y\u0131l\u0131nda Yemen&#8217;in \u0130bb Valili\u011fi&#8217;nin Al-Saddah \u015fehrinde do\u011fdu ve k\u00f6kenleri Sana&#8217;a Valili\u011fi&#8217;nin Zindan b\u00f6lgesine kadar uzan\u0131yor. M\u0131s\u0131r&#8217;da Eczac\u0131l\u0131k Fak\u00fcltesi&#8217;ne girdi ve orada iki y\u0131l okudu, ard\u0131ndan adli bilimlere olan ilgisi nedeniyle oradan ayr\u0131ld\u0131. \u015eeyh El-Zindani, El-Ezher El-\u015eerif&#8217;e ba\u011fl\u0131 bir grup \u015feyhin yan\u0131nda \u00e7al\u0131\u015ft\u0131 ve daha sonra Sudan&#8217;daki Omdurman \u0130slam \u00dcniversitesi&#8217;nden doktora derecesi ald\u0131. \u015eeyh Al-Zindani, Yemen&#8217;in en \u00f6nde gelen politikac\u0131lar\u0131ndan biri ve ayn\u0131 zamanda \u0130slam ulusunun en \u00f6nde gelen \u0130slami vaizlerinden biri olarak kabul ediliyor. Sana&#8217;da \u0130nan\u00e7 \u00dcniversitesi&#8217;ni ve Kur&#8217;an&#8217;daki Bilimsel Mucizeler Uluslararas\u0131 Otoritesi&#8217;ni kurdu. Mekke&#8217;deki Uluslararas\u0131 Camiler Y\u00fcksek Konseyi&#8217;ne ba\u011fl\u0131 S\u00fcnnet ve \u015eer&#8217;i metinlerdeki bilimsel mucizeleri tespit etmek ve bununla kozmik olaylar\u0131 yorumlamakla me\u015fgul oldu. Arap ve \u0130slam K\u00fct\u00fcphanesi \u015eeyh Al-Zindani, bir\u00e7ok hukuki ve bilimsel eser i\u00e7ermektedir. &#8212;&#8212;&#8212;&#8212;&#8212;&#8212;&#8212;&#8212;&#8212;&#8212;&#8212;&#8212;&#8212;&#8212;&#8212;&#8212;&#8211; &#8212;&#8212;&#8212;&#8212;&#8211; <\/p>\n<h6><strong>D. Muhammed Ali El-Saba \/ Yemen <\/strong><\/h6>\n<p>(Yemen &#8211; yazar ve ara\u015ft\u0131rmac\u0131) Uluslararas\u0131 Hay\u0131rseverlik Ara\u015ft\u0131rmalar\u0131 Merkezi Uluslararas\u0131 \u0130slami Yard\u0131m Kurulu\u015fu Edebiyat, Ele\u015ftiri ve Retorik Doktoras\u0131 &#8211; Sudan.<\/p>\n<ul>\n<li>Hikayeler, makaleler ve \u015fiirler yaz\u0131yor.<\/li>\n<li>\u00c7ok say\u0131da e\u011fitim program\u0131 ve biriminin ba\u015fkanl\u0131\u011f\u0131n\u0131 ve y\u00f6neticili\u011fini yapt\u0131.<\/li>\n<li>Televizyon programlar\u0131n\u0131n yap\u0131m\u0131na haz\u0131rl\u0131k ve senaryo yaz\u0131m\u0131 alan\u0131nda katk\u0131da bulundu.<\/li>\n<li>\u00c7e\u015fitli dergi ve internet sitelerinde yay\u0131nlanm\u0131\u015f \u00e7ok say\u0131da makalesi bulunmaktad\u0131r.<\/li>\n<li>Bas\u0131l\u0131 bir kitab\u0131 var (Yeti\u015fkinli\u011fin Sa\u011flanmas\u0131 Yetim Liderlik \u0130\u00e7in En \u0130yi Projedir).<\/li>\n<li>\u00c7e\u015fitli kampanyalar i\u00e7in \u00e7ok say\u0131da belgesel ve reklam filminin yap\u0131m\u0131na katk\u0131da bulundu.<\/li>\n<\/ul>\n<p>Bir dizi hay\u0131r kurumu i\u00e7in metin yazarak ve i\u00e7erik olu\u015fturarak. &#8212;&#8212;&#8212;&#8212;&#8212;&#8212;&#8212;&#8212;&#8212;&#8212;&#8212;&#8212;&#8212;&#8212;&#8212;&#8212;&#8211; &#8212;&#8212;&#8212;&#8212;&#8211;<\/p>\n<h6><strong>D. Kerim Dervi\u015f \/ M\u0131s\u0131r <\/strong><\/h6>\n<p>Hesaplamal\u0131 dil bilimi ve hesaplamal\u0131 be\u015feri bilimler alanlar\u0131nda ara\u015ft\u0131rmac\u0131 olan bilimsel uzmanl\u0131\u011f\u0131 bilgisayar bilimi, dil, sosyoloji ve psikolojiyi bir araya getirmektedir. Arap\u00e7a ve \u0130ngilizce olarak d\u00fczinelerce bilimsel makale yazm\u0131\u015ft\u0131r. Bu makaleler en \u00f6nemli uluslararas\u0131 konferanslarda ve yay\u0131nlarda yay\u0131nlanm\u0131\u015ft\u0131r. bilimsel dergilerde yay\u0131nlanm\u0131\u015ft\u0131r ve bir\u00e7ok \u00f6zel bilimsel kitab\u0131n yaz\u0131m\u0131na kat\u0131lm\u0131\u015ft\u0131r. Ordunun siyasete m\u00fcdahalesi, Bat\u0131&#8217;daki M\u00fcsl\u00fcmanlara y\u00f6nelik d\u00fc\u015fmanl\u0131k, Arap Bahar\u0131&#8217;n\u0131n a\u015f\u0131r\u0131 gruplar \u00fczerindeki etkisi ve sosyal medyada hedefli propagandan\u0131n rol\u00fc gibi konularda Arap ve \u0130slam meseleleriyle ilgili hassas konularda \u00e7ok say\u0131da bilimsel \u00e7al\u0131\u015fma yay\u0131nlad\u0131. . Dr. Karim Darwish, Amerika Birle\u015fik Devletleri&#8217;ndeki Maryland \u00dcniversitesi, Kahire \u00dcniversitesi ve Kahire&#8217;deki Alman \u00dcniversitesi&#8217;nde \u00e7al\u0131\u015ft\u0131. Microsoft ve IBM&#8217;de ara\u015ft\u0131rmac\u0131 olarak \u00e7al\u0131\u015ft\u0131 ve \u015fu anda Katar Bilgisayar Ara\u015ft\u0131rma Enstit\u00fcs\u00fc&#8217;nde k\u0131demli ara\u015ft\u0131rmac\u0131 olarak g\u00f6rev yap\u0131yor. Katar Vakf\u0131. &#8212;&#8212;&#8212;&#8212;&#8212;&#8212;&#8212;&#8212;&#8212;&#8212;&#8212;&#8212;&#8212;&#8212;&#8212;&#8212;&#8211; &#8212;&#8212;&#8212;&#8212;&#8211;    <\/p>\n<h6><strong>A. Ali Al-Sawy \/ M\u0131s\u0131r <\/strong><\/h6>\n<p>M\u0131s\u0131rl\u0131 gazeteci yazar ve edit\u00f6r, MS 1988 do\u011fumlu. K\u00f6kleri Ezher \u015eerif \u015feyhlerine kadar uzanan muhafazakar bir ortamda b\u00fcy\u00fcd\u00fc. Kahire&#8217;de Kur&#8217;an-\u0131 Kerim Okumalar\u0131 Enstit\u00fcs\u00fc&#8217;nde okudu ve 2015 y\u0131l\u0131nda Kahire \u00dcniversitesi Bilgi Fak\u00fcltesi&#8217;nden mezun oldu. a\u00e7\u0131k bir \u00e7al\u0131\u015fma. Ocak 2011 devrimindeki olaylarla ba\u015flarken, uluslararas\u0131 Al-Intekhrak gazetesi de dahil olmak \u00fczere M\u0131s\u0131r ve T\u00fcrkiye&#8217;deki \u00e7e\u015fitli web sitelerinde ele\u015ftirel analitik makaleler yazarak olaylarla ilgilenmek i\u00e7in ilk say\u0131s\u0131 vatanda\u015flar\u0131n\u0131n ve milletinin meselelerini yapt\u0131. \u0130skenderiye&#8217;de Al-Shahed Al-Masry gazetesi, Kahire&#8217;de ise T\u00fcrkiye&#8217;de Arap\u00e7a ve T\u00fcrk\u00e7e yay\u0131nlanan (Ishraq) dergisi, Arap\u00e7a yay\u0131nlanan T\u00fcrk\u00e7e internet sitesi (Turk Press) ve Arabi21 internet sitesinde yaz\u0131lar yaz\u0131yor. Yazar, sosyal, duygusal ve \u00f6nleyici konular da dahil olmak \u00fczere modern ve gen\u00e7lik konular\u0131n\u0131 anlat\u0131sal bir ba\u011flamda ele alan (Sevgi \u0130lahileri) kitab\u0131n\u0131 ve gen\u00e7lik meselelerine \u0131\u015f\u0131k tutan (Bir Kalemin \u00c7\u0131\u011fl\u0131\u011f\u0131) kitab\u0131n\u0131 yay\u0131mlad\u0131. Mevcut gerginlikler \u0131\u015f\u0131\u011f\u0131nda Arap b\u00f6lgesi ve i\u00e7 ko\u015fullar\u0131, daha \u00e7ok Suriye meselesine ve diasporadaki Suriyelilerin ac\u0131lar\u0131na odaklan\u0131yor. &#8212;&#8212;&#8212;&#8212;&#8212;&#8212;&#8212;&#8212;&#8212;&#8212;&#8212;&#8212;&#8212;&#8212;&#8212;&#8212;&#8211; &#8212;&#8212;&#8212;&#8212;&#8211;<\/p>\n<h6><strong>A. Fatima \u0130brahim El-Barbari \/ M\u0131s\u0131r <\/strong><\/h6>\n<p>MS 1974 y\u0131l\u0131nda M\u0131s\u0131r&#8217;\u0131n Damietta \u015fehrinde do\u011fdu. Kahire \u00dcniversitesi Arap Dili ve \u0130slam Bilimleri mezunu. Trablus \u00dcniversitesi \u015eeriat Fak\u00fcltesi \u0130slami \u0130limler Diplomas\u0131. Tefsir ve Kur&#8217;an bilimleri alan\u0131nda y\u00fcksek lisans ara\u015ft\u0131rmac\u0131s\u0131. MS 2001-2004 y\u0131llar\u0131 aras\u0131nda Kosova Cumhuriyeti&#8217;ndeki Taiba Uluslararas\u0131 Vakf\u0131&#8217;nda savunuculuk alan\u0131nda \u00e7al\u0131\u015ft\u0131m. 2009-2012 y\u0131llar\u0131 aras\u0131nda Karada\u011f Cumhuriyeti&#8217;ndeki \u0130slam \u015feyhli\u011fiyle \u00e7al\u0131\u015ft\u0131m. Bu d\u00f6nemler aras\u0131nda anadili Arap\u00e7a olmayanlara Arap\u00e7a dilinin \u00f6\u011fretilmesi alan\u0131nda maarif m\u00fcfetti\u015fi olarak ve 2020 y\u0131l\u0131na kadar da maarif m\u00fcfetti\u015fi olarak \u00e7al\u0131\u015ft\u0131. &#8212;&#8212;&#8212;&#8212;&#8212;&#8212;- &#8212;&#8212;&#8212;&#8211; &#8212;&#8212;&#8212;&#8212;&#8212;&#8212;&#8212;&#8211;<\/p>\n<h6><strong>A. Abd\u00fclkerim El-Hatib \/ Suriye <\/strong><\/h6>\n<p>1952 y\u0131l\u0131nda Suriye&#8217;nin Humus \u015fehrinde do\u011fdu. \u015eam \u00dcniversitesi&#8217;nden genel makine m\u00fchendisli\u011fi diplomas\u0131 ald\u0131, ard\u0131ndan Fransa&#8217;daki Havac\u0131l\u0131k ve Uzay Y\u00fcksek Okulu&#8217;nda mekanik alan\u0131nda y\u00fcksek lisans e\u011fitimine devam etti. &#8211; \u00c7al\u0131\u015fmalar ve end\u00fcstriyel projeler olu\u015fturma alan\u0131nda uzmand\u0131r ve \u015eeriat bilimleri alan\u0131nda diploma sahibidir. &#8211; \u00c7e\u015fitli sivil ve akademik kurulu\u015flar\u0131n kurulu\u015funda yer alm\u0131\u015f olup, Uluslararas\u0131 Arap Akademisyenler Birli\u011fi, Yurtd\u0131\u015f\u0131 Suriyeli M\u00fchendisler Derne\u011fi ve Suriyeli Mucitler Derne\u011fi \u00fcyesidir. Yazar olup, aralar\u0131nda \u00c7evreye ve \u0130nsana Dost S\u00fcrd\u00fcr\u00fclebilir Binalar, Kur&#8217;an&#8217;la Sava\u015f ve \u0130ftiraya U\u011frayan Ki\u015filer Dizisi, Birinci B\u00f6l\u00fcm gibi \u00e7ok say\u0131da kitab\u0131 bulunmaktad\u0131r. &#8212;&#8212;&#8212;&#8212;&#8212;&#8212;&#8212;&#8212;&#8212;&#8212;&#8212;&#8212;&#8212;&#8212;&#8212;&#8212;&#8211; &#8212;&#8212;&#8212;&#8212;&#8211;<\/p>\n<h6><strong>A. Ahmed Al-Ali Al-Khader \/ Suriye <\/strong><\/h6>\n<p>Suriye&#8217;nin Deyrizor \u015fehrinde do\u011fan Suriyeli \u015fair, Deyrizor&#8217;daki El Furat \u00dcniversitesi&#8217;nde Arap dili ve edebiyat\u0131 okudu, ard\u0131ndan T\u00fcrkiye&#8217;ye giderek \u0130stanbul \u00dcniversitesi&#8217;nde e\u011fitimini tamamlad\u0131 ve ard\u0131ndan Marmara \u00dcniversitesi&#8217;ne ge\u00e7ti. Y\u00fcksek lisans e\u011fitimini Arap\u00e7a Belagat Anabilim Dal\u0131&#8217;nda tamamlad\u0131. &#8212;&#8212;&#8212;&#8212;&#8212;&#8212;&#8212;&#8212;&#8212;&#8212;&#8212;&#8212;&#8212;&#8212;&#8212;&#8212;&#8211; &#8212;&#8212;&#8212;&#8212;&#8211;  <\/p>\n<h6><strong>A. Wafaa Ghaiba \/ Suriye <\/strong><\/h6>\n<p>Bir e\u011fitim uzman\u0131 olarak hayat\u0131n\u0131 \u00e7ocuklara hizmet etmeye adad\u0131. \u00d6\u011fretmeninden yazarl\u0131\u011f\u0131na, dan\u0131\u015fman\u0131ndan e\u011fitmenli\u011fine kadar sosyal medya arac\u0131l\u0131\u011f\u0131yla y\u00fczlerce anneye ula\u015ft\u0131. Uzman (Wafa), \u00e7al\u0131\u015fmalar\u0131nda annenin \u00e7ocu\u011fuyla ba\u015f etme becerilerini geli\u015ftirmesi ve onunla daha keyifli bir hayat ya\u015famas\u0131 i\u00e7in etkili ve uygulamas\u0131 kolay teknikleri \u00f6\u011fretmeye odaklan\u0131r. &#8212;&#8212;&#8212;&#8212;&#8212;&#8212;&#8212;&#8212;&#8212;&#8212;&#8212;&#8212;&#8212;&#8212;&#8212;&#8212;&#8211; &#8212;&#8212;&#8212;&#8212;&#8211; <\/p>\n<h6><strong>A. Abdel Fattah Abu Tahoun \/ Filistin <\/strong><\/h6>\n<p>1972&#8217;de Gazze, Filistin&#8217;de do\u011fdu &#8211; Yazar, romanc\u0131 ve Rusya meseleleri \u00fczerine ara\u015ft\u0131rmac\u0131. Filistinli Yazarlar ve Yazarlar Derne\u011fi \u00fcyesi ve Kud\u00fcs Edebiyat Merkezi \u00fcyesi. 2002 y\u0131l\u0131nda Rusya Federasyonu&#8217;ndaki Ulyansk Devlet \u00dcniversitesi&#8217;nden Mimarl\u0131k alan\u0131nda lisans diplomas\u0131na sahiptir. Rusya \u0130slam \u00dcniversitesi&#8217;nde Dinlerin Temelleri alan\u0131nda y\u00fcksek lisans derecesine kay\u0131tl\u0131d\u0131r. &#8212;&#8212;&#8212;&#8212;&#8212;&#8212;&#8212;&#8212;&#8212;&#8212;&#8212;&#8212;&#8212;&#8212;&#8212;&#8212;&#8211; &#8212;&#8212;&#8212;&#8212;&#8211;<\/p>\n<h6><strong>A. Bi\u015fr El Asadi \/ Filistin <\/strong><\/h6>\n<p>CV&#8217;yi yak\u0131nda sunaca\u011f\u0131z &#8212;&#8212;&#8212;&#8212;&#8212;&#8212;&#8212;&#8212;&#8212;&#8212;&#8212;&#8212;&#8212;&#8212;&#8211; &#8212; &#8212;&#8212;&#8212;&#8212;&#8212;&#8212;<\/p>\n<h6><strong>A. Amira \u0130brahim El-Samarrai \/ Irak <\/strong><\/h6>\n<p>CV&#8217;yi yak\u0131nda sunaca\u011f\u0131z &#8212;&#8212;&#8212;&#8212;&#8212;&#8212;&#8212;&#8212;&#8212;&#8212;&#8212;&#8212;&#8212;&#8212;&#8211; &#8212; &#8212;&#8212;&#8212;&#8212;&#8212;&#8212;<\/p>\n<h6><strong>A. Orhan Muhammed Ali \/ T\u00fcrkiye <\/strong><\/h6>\n<p>M\u00fchendis, tarih\u00e7i, edebiyat d\u00fc\u015f\u00fcn\u00fcr\u00fc, siyaset analisti, yazar ve \u00e7evirmendir. MS 1937 y\u0131l\u0131nda Irak&#8217;\u0131n Kerk\u00fck \u015fehrinde T\u00fcrkmen Bayati ailesinden do\u011fmu\u015ftur. MS 1962 y\u0131l\u0131nda \u0130stanbul Teknik \u00dcniversitesi&#8217;nde (\u0130T\u00dc) \u00fcniversite e\u011fitimini tamamlam\u0131\u015ft\u0131r. in\u015faat m\u00fchendisli\u011fi alan\u0131nda y\u00fcksek lisans derecesine sahip. MS 1964&#8217;te Irak&#8217;a d\u00f6nd\u00fc ve \u0130mar ve \u0130n\u015faat Bakanl\u0131\u011f\u0131&#8217;nda ba\u015f m\u00fchendis olarak \u00e7al\u0131\u015ft\u0131. Bilime ve bilgiye tutkuyla ba\u011fl\u0131yd\u0131, bu nedenle Ba\u011fdat&#8217;taki Al-Mustansiriya \u00dcniversitesi&#8217;ne tekrar kat\u0131ld\u0131 ve MS 1976&#8217;da i\u015fletme ve ekonomi alan\u0131nda lisans derecesi ald\u0131. . \u00c7e\u015fitli alanlardaki kitaplar\u0131n tutkulu bir okuyucusuydu. Arap\u00e7a k\u00fct\u00fcphanedeki \u00f6nemli bir bo\u015flu\u011fu doldurmak i\u00e7in T\u00fcrk\u00e7e ve \u0130ngilizceden Arap\u00e7aya pek \u00e7ok bilimsel, tarihi ve entelekt\u00fcel kitap yazd\u0131 ve terc\u00fcme etti. mant\u0131\u011f\u0131, d\u00fc\u015f\u00fcnce derinli\u011fi, konuyu kavray\u0131\u015f\u0131 ve konuyu t\u00fcm y\u00f6nleriyle kendine has, kolay, keyifli bir \u00fcslupla ele almas\u0131. 1994 y\u0131l\u0131nda emeklili\u011fe sevk edilmi\u015f ve \u0130slam&#8217;\u0131 her alanda savunmak i\u00e7in samimi ve yorulmak bilmeden \u00e7al\u0131\u015farak ge\u00e7en bir hayat\u0131n ard\u0131ndan \u0130stanbul&#8217;a giderek 2\/8\/2010 tarihindeki vefat\u0131na kadar buraya yerle\u015fmi\u015ftir. &#8212;&#8212;&#8212;&#8212;&#8212;&#8212;&#8212;&#8212;&#8212;&#8212;&#8212;&#8212;&#8212;&#8212;&#8212;&#8212;&#8211; &#8212;&#8212;&#8212;&#8212;&#8211;  <\/p>\n<h6><strong>A. \u00d6mer Korkmaz \/ T\u00fcrkiye <\/strong><\/h6>\n<p>1964 y\u0131l\u0131nda Isparta&#8217;da do\u011fan siyaset ve medya akademisyeni, \u0130slamabad&#8217;daki Uluslararas\u0131 \u0130slam \u00dcniversitesi&#8217;nden lisans, kar\u015f\u0131la\u015ft\u0131rmal\u0131 dinler alan\u0131nda y\u00fcksek lisans derecesine sahiptir ve \u015fu anda Ankara \u00dcniversitesi&#8217;nde kar\u015f\u0131la\u015ft\u0131rmal\u0131 dinler \u00fczerine doktoras\u0131na haz\u0131rlanmaktad\u0131r. Arap\u00e7a, \u0130ngilizce, Urduca, Fars\u00e7a ve T\u00fcrk\u00e7e bilmektedir. M\u00fcfredat geli\u015ftirme konusunda uzmanla\u015fm\u0131\u015ft\u0131r. Halen Sedav Enstit\u00fcs\u00fc Akademik Programlar Direkt\u00f6r\u00fcd\u00fcr ve Madar dergisini \u00e7\u0131karmaktad\u0131r. Gen\u00e7lik \u00e7al\u0131\u015fmalar\u0131na ilgi duymu\u015f ve yard\u0131m ve insani yard\u0131m \u00e7al\u0131\u015fmalar\u0131na olan ilgisinin yan\u0131 s\u0131ra, 1995-2003 y\u0131llar\u0131 aras\u0131nda Uluslararas\u0131 \u0130slam \u00d6\u011frenci \u00d6rg\u00fctleri Federasyonu da dahil olmak \u00fczere bir dizi gen\u00e7lik ve \u00f6\u011frenci \u00f6rg\u00fct\u00fcn\u00fcn ba\u015fkanl\u0131\u011f\u0131n\u0131 yapm\u0131\u015ft\u0131r. ve \u0130nsan Haklar\u0131 Komisyonu. &#8212;&#8212;&#8212;&#8212;&#8212;&#8212;&#8212;&#8212;&#8212;&#8212;&#8212;&#8212;&#8212;&#8212;&#8212;&#8212;&#8211; &#8212;&#8212;&#8212;&#8212;&#8211;   <\/p>\n<h6><strong>D. Halid El Medeni \/ Suudi Arabistan <\/strong><\/h6>\n<p>Khaled bin Muhammad bin Hassan Al Madani &#8211; H. 1391&#8217;de Medine&#8217;de do\u011fdu &#8211; \u0130nsan Kaynaklar\u0131 Y\u00f6netimi ve Geli\u015ftirme Doktoras\u0131 &#8211; Britanya. &#8211; E\u011fitim Uzman\u0131 Y\u00fcksek Lisans Derecesi &#8211; \u0130ngiltere. &#8211; Yeti\u015fkin ve S\u00fcrekli E\u011fitim Y\u00fcksek Lisans\u0131 &#8211; King Saud \u00dcniversitesi &#8211; Suudi Arabistan Krall\u0131\u011f\u0131. &#8211; Amerikan-\u0130ngiliz Koleji&#8217;nin (Emerald) \u00f6\u011fretim ve e\u011fitim personelinin \u00fcyesi. &#8211; Uluslararas\u0131 E\u011fitmenler Federasyonu&#8217;ndan (INLPTA) &#8211; Amerika&#8217;dan ileri d\u00fczey e\u011fitmen. &#8211; Almanya&#8217;daki MTC Zihin Sistemleri Enstit\u00fcs\u00fc&#8217;nden ileri d\u00fczey e\u011fitmen. &#8211; K\u00fcresel E\u011fitim ve Dan\u0131\u015fmanl\u0131k Akademisi G.A.T.C &#8211; Britanya&#8217;dan ileri d\u00fczey e\u011fitmen. &#8211; Oxford Liderlik E\u011fitimi Organizasyonu&#8217;nun (OLTO) Y\u00f6netim Kurulu Ba\u015fkan\u0131 &#8211; Amerika&#8217;daki Geli\u015fmi\u015f Davran\u0131\u015fsal Modelleme Vakf\u0131&#8217;ndan (ABM) y\u00f6netim e\u011fitmeni ve ki\u015fisel dan\u0131\u015fman. &#8211; Suudi E\u011fitim ve Psikoloji Bilimleri Derne\u011fi (Justin), Do\u011fu B\u00f6lgesi Y\u00f6netim Kurulu \u00dcyesi &#8211; eski. &#8211; Suudi E\u011fitim ve Psikolojik Bilimler Derne\u011fi \u00dcyesi (Justin) &#8211; Suudi Y\u00f6netim Derne\u011fi \u00dcyesi. &#8212;&#8212;&#8212;&#8212;&#8212;&#8212;&#8212;&#8212;&#8212;&#8212;&#8212;&#8212;&#8212;&#8212;&#8212;&#8212;&#8211; &#8212;&#8212;&#8212;&#8212;&#8211;<\/p>\n<h6><strong>Prof. Dr. \u0130brahim Al-Saadi \/ \u0130ran<\/strong><\/h6>\n<p>2005 y\u0131l\u0131nda Omdurman \u00dcniversitesi&#8217;nden Tefsir ve Kur&#8217;an Bilimleri alan\u0131nda doktora derecesi ald\u0131. \u0130ran&#8217;\u0131n g\u00fcneyindeki Bandar Lengeh \u015fehrinde bulunan Ehli S\u00fcnnet ve&#8217;l-Cemaat Y\u00fcksek Enstit\u00fcs\u00fc&#8217;nde ve \u0130ran&#8217;\u0131n do\u011fusundaki Turbat Jam \u015fehrinde bulunan \u0130mam Ebu Hanife Enstit\u00fcs\u00fc&#8217;nde tefsir ve Kur&#8217;an bilimleri profes\u00f6r\u00fc olarak \u00e7al\u0131\u015ft\u0131. . Yazar, \u00e7evirmen ve \u015fair olarak Fars\u00e7a yay\u0131nlanm\u0131\u015f 9+00&#8217;den fazla kitab\u0131 bulunmaktad\u0131r; bunlar aras\u0131nda yaz\u0131, \u00e7eviri ve \u015fiir de bulunmaktad\u0131r. G\u00fcney ve do\u011fu \u0130ran&#8217;da S\u00fcnniler i\u00e7in \u015fiir ve \u00e7ocuk hik\u00e2yeleri kitaplar\u0131 yay\u0131nlayan ilk ki\u015fi olarak kabul edilir. 35&#8217;ten fazla \u00e7ocuk kitab\u0131 bast\u0131rd\u0131 ve kitaplar\u0131 \u0130ran&#8217;\u0131n t\u00fcm S\u00fcnni \u015fehirlerine yay\u0131ld\u0131.<\/p>\n","protected":false},"excerpt":{"rendered":"<p>T\u00fcm standartlara g\u00f6re faydal\u0131 bir \u00fcr\u00fcn sunmak i\u00e7in, Arap ve \u0130slam d\u00fcnyas\u0131n\u0131n her yerinden, ciddi yaz\u0131lar\u0131 ve sofistike \u00fcsluplar\u0131yla tan\u0131nan, bir mesaj\u0131, vizyonu ve y\u00fcksek hedefleri olan se\u00e7kin yazar, yazar ve e\u011fitimcilerle i\u015fbirli\u011fi yap\u0131yoruz. Siz de\u011ferli okurlar\u0131m\u0131z\u0131n akl\u0131na sayg\u0131 duyan, s\u0131k\u0131c\u0131 uzatmalara yol a\u00e7madan, \u00e7arp\u0131tmadan, odakl\u0131 ve do\u011frudan faydalar sa\u011flayan nesillerimize, davalar\u0131m\u0131za hizmet etmek i\u00e7in [&hellip;]<\/p>\n","protected":false},"author":1,"featured_media":0,"parent":0,"menu_order":0,"comment_status":"closed","ping_status":"closed","template":"","meta":{"_acf_changed":false,"footnotes":""},"class_list":["post-5968","page","type-page","status-publish","hentry","_wholesalex wsx-wholesalex-product"],"acf":[],"_links":{"self":[{"href":"https:\/\/ufuknesriyat.wp.sawaftech.com\/tr\/wp-json\/wp\/v2\/pages\/5968","targetHints":{"allow":["GET"]}}],"collection":[{"href":"https:\/\/ufuknesriyat.wp.sawaftech.com\/tr\/wp-json\/wp\/v2\/pages"}],"about":[{"href":"https:\/\/ufuknesriyat.wp.sawaftech.com\/tr\/wp-json\/wp\/v2\/types\/page"}],"author":[{"embeddable":true,"href":"https:\/\/ufuknesriyat.wp.sawaftech.com\/tr\/wp-json\/wp\/v2\/users\/1"}],"replies":[{"embeddable":true,"href":"https:\/\/ufuknesriyat.wp.sawaftech.com\/tr\/wp-json\/wp\/v2\/comments?post=5968"}],"version-history":[{"count":0,"href":"https:\/\/ufuknesriyat.wp.sawaftech.com\/tr\/wp-json\/wp\/v2\/pages\/5968\/revisions"}],"wp:attachment":[{"href":"https:\/\/ufuknesriyat.wp.sawaftech.com\/tr\/wp-json\/wp\/v2\/media?parent=5968"}],"curies":[{"name":"wp","href":"https:\/\/api.w.org\/{rel}","templated":true}]}}