{"id":29460,"date":"2025-05-18T06:44:13","date_gmt":"2025-05-18T06:44:13","guid":{"rendered":"https:\/\/beta.arabfamilybs.com\/product\/%d8%b3%d9%84%d8%b3%d9%84%d8%a9-%d8%a7%d9%84%d8%b0%d9%83%d8%a7%d8%a1-%d8%a7%d9%84%d8%b9%d8%a7%d8%b7%d9%81%d9%8a-4-%d8%a3%d8%ac%d8%b2%d8%a7%d8%a1-%d8%aa%d8%b1%d9%83%d9%8a\/"},"modified":"2025-09-14T09:20:00","modified_gmt":"2025-09-14T09:20:00","slug":"%d8%b3%d9%84%d8%b3%d9%84%d8%a9-%d8%a7%d9%84%d8%b0%d9%83%d8%a7%d8%a1-%d8%a7%d9%84%d8%b9%d8%a7%d8%b7%d9%81%d9%8a-4-%d8%a3%d8%ac%d8%b2%d8%a7%d8%a1-%d8%aa%d8%b1%d9%83%d9%8a","status":"publish","type":"product","link":"https:\/\/ufuknesriyat.wp.sawaftech.com\/tr\/product\/%d8%b3%d9%84%d8%b3%d9%84%d8%a9-%d8%a7%d9%84%d8%b0%d9%83%d8%a7%d8%a1-%d8%a7%d9%84%d8%b9%d8%a7%d8%b7%d9%81%d9%8a-4-%d8%a3%d8%ac%d8%b2%d8%a7%d8%a1-%d8%aa%d8%b1%d9%83%d9%8a\/","title":{"rendered":"\u0633\u0644\u0633\u0644\u0629 \u0627\u0644\u0630\u0643\u0627\u0621 \u0627\u0644\u0639\u0627\u0637\u0641\u064a 4 \u0623\u062c\u0632\u0627\u0621 \u062a\u0631\u0643\u064a"},"content":{"rendered":"<p>Bu seri, yeni bilimsel bir terim olan \u201cDuygusal Zek\u00e2\u201d kavram\u0131n\u0131 d\u00f6rt farkl\u0131 boyutuyla incelemektedir.<br \/>\nDuygusal Zek\u00e2 Serisi, ki\u015finin kendisiyle bar\u0131\u015f\u0131k olmas\u0131 ve etraf\u0131ndaki insanlarla mutlulu\u011fun s\u0131rr\u0131na eri\u015febilmesi i\u00e7in kendisi ve \u00e7evresiyle olumlu ili\u015fkiler kurma becerisini i\u00e7ermektedir.<br \/>\nAyr\u0131ca ki\u015finin korku, endi\u015fe, \u00f6fke gibi olumsuz duygularla ba\u015fa \u00e7\u0131kma ve bu duygulardan kurtulma y\u00f6ntemlerinin yan\u0131 s\u0131ra s\u0131k\u0131nt\u0131 ve kriz anlar\u0131n\u0131n \u00fcstesinden gelebilmesinin yollar\u0131n\u0131 incelemektedir.<br \/>\nDuygusal ve mant\u0131ksal zek\u00e2n\u0131n her birini ayr\u0131 ayr\u0131 a\u00e7\u0131klamakla birlikte bunlar\u0131n ki\u015fisel ve ailevi meselelerin idaresinde nas\u0131l bir rol \u00fcstlendiklerini incelemektedir.<br \/>\nBu seri, yumu\u015fak huylu liderlere ait olan insana sayg\u0131 duymalar\u0131, onlarla olan diyaloglar\u0131, insanlar\u0131 ikna etme y\u00f6ntemleri, ayr\u0131mc\u0131l\u0131\u011f\u0131 reddederek yap\u0131c\u0131 y\u00f6ndeki farkl\u0131l\u0131klara olumlu yakla\u015fmalar\u0131 ve di\u011ferlerini yok sayman\u0131n kar\u015f\u0131s\u0131nda duran ger\u00e7ek y\u00f6netici vas\u0131flar\u0131n\u0131 ele alm\u0131\u015ft\u0131r.<br \/>\nBu kitap serisi ayn\u0131 zamanda duygusal zek\u00e2 becerisinde \u0130slam\u2019\u0131n katk\u0131s\u0131n\u0131 anlat\u0131rken, bu yetenekleri ku\u015fanm\u0131\u015f ki\u015finin iman\u0131n tad\u0131na vard\u0131\u011f\u0131n\u0131; Rabbi, dini ve ahireti ile aras\u0131nda nas\u0131l bir ba\u011f kurdu\u011funu anlatmaktad\u0131r. Dahas\u0131 ki\u015finin kendini, varl\u0131\u011f\u0131n\u0131n amac\u0131n\u0131, de\u011ferlerini ve ilkelerini idrak etmesine imk\u00e2n sa\u011flamaktad\u0131r.<\/p>\n","protected":false},"excerpt":{"rendered":"<p>Bu seri, yeni bilimsel bir terim olan \u201cDuygusal Zek\u00e2\u201d kavram\u0131n\u0131 d\u00f6rt farkl\u0131 boyutuyla incelemektedir. Duygusal Zek\u00e2 Serisi, ki\u015finin kendisiyle bar\u0131\u015f\u0131k olmas\u0131 ve etraf\u0131ndaki insanlarla mutlulu\u011fun s\u0131rr\u0131na eri\u015febilmesi i\u00e7in kendisi ve \u00e7evresiyle olumlu ili\u015fkiler kurma becerisini i\u00e7ermektedir. Ayr\u0131ca ki\u015finin korku, endi\u015fe, \u00f6fke gibi olumsuz duygularla ba\u015fa \u00e7\u0131kma ve bu duygulardan kurtulma y\u00f6ntemlerinin yan\u0131 s\u0131ra s\u0131k\u0131nt\u0131 ve [&hellip;]<\/p>\n","protected":false},"featured_media":0,"comment_status":"open","ping_status":"closed","template":"","meta":{"_acf_changed":false},"location":[],"product_brand":[],"product_cat":[270,230],"product_tag":[],"class_list":{"0":"post-29460","1":"product","2":"type-product","3":"status-publish","5":"product_cat-270","6":"product_cat-230","7":"product_author-440","8":"product_genre-706","9":"_wholesalex wsx-wholesalex-product","11":"first","12":"instock","13":"shipping-taxable","14":"purchasable","15":"product-type-simple"},"acf":[],"locations":[],"_links":{"self":[{"href":"https:\/\/ufuknesriyat.wp.sawaftech.com\/tr\/wp-json\/wp\/v2\/product\/29460","targetHints":{"allow":["GET"]}}],"collection":[{"href":"https:\/\/ufuknesriyat.wp.sawaftech.com\/tr\/wp-json\/wp\/v2\/product"}],"about":[{"href":"https:\/\/ufuknesriyat.wp.sawaftech.com\/tr\/wp-json\/wp\/v2\/types\/product"}],"replies":[{"embeddable":true,"href":"https:\/\/ufuknesriyat.wp.sawaftech.com\/tr\/wp-json\/wp\/v2\/comments?post=29460"}],"wp:attachment":[{"href":"https:\/\/ufuknesriyat.wp.sawaftech.com\/tr\/wp-json\/wp\/v2\/media?parent=29460"}],"wp:term":[{"taxonomy":"location","embeddable":true,"href":"https:\/\/ufuknesriyat.wp.sawaftech.com\/tr\/wp-json\/wp\/v2\/location?post=29460"},{"taxonomy":"product_brand","embeddable":true,"href":"https:\/\/ufuknesriyat.wp.sawaftech.com\/tr\/wp-json\/wp\/v2\/product_brand?post=29460"},{"taxonomy":"product_cat","embeddable":true,"href":"https:\/\/ufuknesriyat.wp.sawaftech.com\/tr\/wp-json\/wp\/v2\/product_cat?post=29460"},{"taxonomy":"product_tag","embeddable":true,"href":"https:\/\/ufuknesriyat.wp.sawaftech.com\/tr\/wp-json\/wp\/v2\/product_tag?post=29460"}],"curies":[{"name":"wp","href":"https:\/\/api.w.org\/{rel}","templated":true}]}}