{"id":29519,"date":"2025-05-18T06:45:28","date_gmt":"2025-05-18T06:45:28","guid":{"rendered":"https:\/\/beta.arabfamilybs.com\/product\/%d8%aa%d9%81%d9%83%d9%8a%d9%83-%d8%ab%d9%82%d8%a7%d9%81%d8%a9-%d8%a7%d9%84%d8%ba%d9%84%d9%88-%d8%aa%d8%b1%d9%83%d9%8a\/"},"modified":"2025-09-14T09:20:50","modified_gmt":"2025-09-14T09:20:50","slug":"%d8%aa%d9%81%d9%83%d9%8a%d9%83-%d8%ab%d9%82%d8%a7%d9%81%d8%a9-%d8%a7%d9%84%d8%ba%d9%84%d9%88-%d8%aa%d8%b1%d9%83%d9%8a","status":"publish","type":"product","link":"https:\/\/ufuknesriyat.wp.sawaftech.com\/tr\/product\/%d8%aa%d9%81%d9%83%d9%8a%d9%83-%d8%ab%d9%82%d8%a7%d9%81%d8%a9-%d8%a7%d9%84%d8%ba%d9%84%d9%88-%d8%aa%d8%b1%d9%83%d9%8a\/","title":{"rendered":"\u062a\u0641\u0643\u064a\u0643 \u062b\u0642\u0627\u0641\u0629 \u0627\u0644\u063a\u0644\u0648 \/ \u062a\u0631\u0643\u064a"},"content":{"rendered":"<p>Dini K\u00f6kenleri ve \u00c7\u00f6z\u00fcm Yollar\u0131 Arap Bahar\u0131 \u00f6zg\u00fcrl\u00fck, adalet ve insan onuru korumak amac\u0131yla haks\u0131zl\u0131k, adaletsizlik, sosyal y\u0131k\u0131m ve diktat\u00f6rl\u00fck kar\u015f\u0131t\u0131 bir s\u00f6ylemle ba\u015flam\u0131\u015ft\u0131. Daha sonra birtak\u0131m radikal unsurlar devreye girerek kendi siyasi istek ve projelerini ger\u00e7ekle\u015ftirmek ad\u0131na halk direni\u015flerini suistimal etmiler. Bu a\u015f\u0131r\u0131 u\u00e7lar\u0131n her t\u00fcrl\u00fc giri\u015fimleri toplumlar\u0131n hakl\u0131 s\u00f6ylemlerinin \u00e7ok \u00f6tesinde ayr\u0131 bir projenin belirtileriydi. Sahadaki bu radikal gruplar\u0131n baz\u0131lar\u0131 direni\u015fin sergilendi\u011fi topraklarda \u00f6zg\u00fcrl\u00fck sava\u015f\u00e7\u0131lar\u0131na diktat\u00f6r y\u00f6netimlerden \u00e7ok daha b\u00fcy\u00fck zararlar verdiler ve vermeye devam ediyorlar. Tekfir ile ba\u015flayan bu s\u00fcre\u00e7 zamanla daha korkun\u00e7 boyutlara ula\u015farak M\u00fcsl\u00fcman direni\u015fcilerin kanlar\u0131n\u0131 helal g\u00f6ren bir anlay\u0131\u015f ile hain sald\u0131r\u0131lar ger\u00e7ekle\u015ftirilmi\u015f ve y\u0131\u011f\u0131nlarca masum insan\u0131n kanlar\u0131 d\u00f6k\u00fclm\u00fc\u015ft\u00fcr.<\/p>\n","protected":false},"excerpt":{"rendered":"<p>Dini K\u00f6kenleri ve \u00c7\u00f6z\u00fcm Yollar\u0131 Arap Bahar\u0131 \u00f6zg\u00fcrl\u00fck, adalet ve insan onuru korumak amac\u0131yla haks\u0131zl\u0131k, adaletsizlik, sosyal y\u0131k\u0131m ve diktat\u00f6rl\u00fck kar\u015f\u0131t\u0131 bir s\u00f6ylemle ba\u015flam\u0131\u015ft\u0131. Daha sonra birtak\u0131m radikal unsurlar devreye girerek kendi siyasi istek ve projelerini ger\u00e7ekle\u015ftirmek ad\u0131na halk direni\u015flerini suistimal etmiler. Bu a\u015f\u0131r\u0131 u\u00e7lar\u0131n her t\u00fcrl\u00fc giri\u015fimleri toplumlar\u0131n hakl\u0131 s\u00f6ylemlerinin \u00e7ok \u00f6tesinde ayr\u0131 bir [&hellip;]<\/p>\n","protected":false},"featured_media":21679,"comment_status":"open","ping_status":"closed","template":"","meta":{"_acf_changed":false},"location":[],"product_brand":[],"product_cat":[270,230],"product_tag":[],"class_list":{"0":"post-29519","1":"product","2":"type-product","3":"status-publish","4":"has-post-thumbnail","6":"product_cat-270","7":"product_cat-230","8":"product_author-670","9":"product_genre-706","10":"_wholesalex wsx-wholesalex-product","12":"first","13":"instock","14":"shipping-taxable","15":"purchasable","16":"product-type-simple"},"acf":[],"locations":[],"_links":{"self":[{"href":"https:\/\/ufuknesriyat.wp.sawaftech.com\/tr\/wp-json\/wp\/v2\/product\/29519","targetHints":{"allow":["GET"]}}],"collection":[{"href":"https:\/\/ufuknesriyat.wp.sawaftech.com\/tr\/wp-json\/wp\/v2\/product"}],"about":[{"href":"https:\/\/ufuknesriyat.wp.sawaftech.com\/tr\/wp-json\/wp\/v2\/types\/product"}],"replies":[{"embeddable":true,"href":"https:\/\/ufuknesriyat.wp.sawaftech.com\/tr\/wp-json\/wp\/v2\/comments?post=29519"}],"wp:featuredmedia":[{"embeddable":true,"href":"https:\/\/ufuknesriyat.wp.sawaftech.com\/tr\/wp-json\/wp\/v2\/media\/21679"}],"wp:attachment":[{"href":"https:\/\/ufuknesriyat.wp.sawaftech.com\/tr\/wp-json\/wp\/v2\/media?parent=29519"}],"wp:term":[{"taxonomy":"location","embeddable":true,"href":"https:\/\/ufuknesriyat.wp.sawaftech.com\/tr\/wp-json\/wp\/v2\/location?post=29519"},{"taxonomy":"product_brand","embeddable":true,"href":"https:\/\/ufuknesriyat.wp.sawaftech.com\/tr\/wp-json\/wp\/v2\/product_brand?post=29519"},{"taxonomy":"product_cat","embeddable":true,"href":"https:\/\/ufuknesriyat.wp.sawaftech.com\/tr\/wp-json\/wp\/v2\/product_cat?post=29519"},{"taxonomy":"product_tag","embeddable":true,"href":"https:\/\/ufuknesriyat.wp.sawaftech.com\/tr\/wp-json\/wp\/v2\/product_tag?post=29519"}],"curies":[{"name":"wp","href":"https:\/\/api.w.org\/{rel}","templated":true}]}}