{"id":29525,"date":"2025-05-18T06:45:36","date_gmt":"2025-05-18T06:45:36","guid":{"rendered":"https:\/\/beta.arabfamilybs.com\/product\/%d8%a3%d8%b3%d8%b3-%d8%a7%d9%84%d8%a5%d8%af%d8%a7%d8%b1%d8%a9-%d9%81%d9%8a-%d8%a7%d9%84%d8%a5%d8%b3%d9%84%d8%a7%d9%85-%d8%aa%d8%b1%d9%83%d9%8a\/"},"modified":"2025-09-14T09:20:52","modified_gmt":"2025-09-14T09:20:52","slug":"%d8%a3%d8%b3%d8%b3-%d8%a7%d9%84%d8%a5%d8%af%d8%a7%d8%b1%d8%a9-%d9%81%d9%8a-%d8%a7%d9%84%d8%a5%d8%b3%d9%84%d8%a7%d9%85-%d8%aa%d8%b1%d9%83%d9%8a","status":"publish","type":"product","link":"https:\/\/ufuknesriyat.wp.sawaftech.com\/tr\/product\/%d8%a3%d8%b3%d8%b3-%d8%a7%d9%84%d8%a5%d8%af%d8%a7%d8%b1%d8%a9-%d9%81%d9%8a-%d8%a7%d9%84%d8%a5%d8%b3%d9%84%d8%a7%d9%85-%d8%aa%d8%b1%d9%83%d9%8a\/","title":{"rendered":"\u0623\u0633\u0633 \u0627\u0644\u0625\u062f\u0627\u0631\u0629 \u0641\u064a \u0627\u0644\u0625\u0633\u0644\u0627\u0645 \/ \u062a\u0631\u0643\u064a"},"content":{"rendered":"<p>Son y\u0131llarda baz\u0131 Arap \u00fclkelerindeki siyasi durumlarda ciddi de\u011fi\u015fiklikler olmakta. Y\u00f6netimlerin birk\u0131sm\u0131 y\u0131k\u0131l\u0131rken yerlerini di\u011ferlerine b\u0131rak\u0131r oldu. Bu yeni y\u00f6netimlerin kurulma s\u00fcre\u00e7lerinde gen\u00e7 ku\u015fak ile ya\u015fl\u0131 ku\u015faklar aras\u0131nda y\u00f6netim modellerinin nas\u0131ll\u0131\u011fma y\u00f6nelik tart\u0131\u015fmalara \u015fahit olduk, oluyoruz. Baz\u0131 \u00fclkelerde \u00e7evrelerinde ba\u011fl\u0131l\u0131klar\u0131n\u0131 ifade eden birka\u00e7 bin ki\u015finin varl\u0131\u011f\u0131yla beraber kendisini M\u00fcsl\u00fcmanlar\u0131n halifesi ilan eden ki\u015fileri g\u00f6rd\u00fck. Ayn\u0131 \u015fekilde y\u00fcz\u00f6l\u00e7\u00fcm\u00fc \u00e7ok ufak olan baz\u0131 b\u00f6lgelerde \u0130slami bir y\u00f6netim modeli in\u015fas\u0131 i\u00e7in \u00e7al\u0131\u015fanlarada \u015fahit olduk. T\u00fcm bunlar bize insanlar\u0131n birbirlerini \u00f6ld\u00fcrerek \u00fclkelerini taruman edip \u00fclke zenginliklerini alt\u00fcst etmemeleri i\u00e7in ayd\u0131nlat\u0131c\u0131 bir siyaset k\u00fclt\u00fcr\u00fcne ihtiya\u00e7lar\u0131 oldu\u011funu g\u00f6sterdi.<\/p>\n","protected":false},"excerpt":{"rendered":"<p>Son y\u0131llarda baz\u0131 Arap \u00fclkelerindeki siyasi durumlarda ciddi de\u011fi\u015fiklikler olmakta. Y\u00f6netimlerin birk\u0131sm\u0131 y\u0131k\u0131l\u0131rken yerlerini di\u011ferlerine b\u0131rak\u0131r oldu. Bu yeni y\u00f6netimlerin kurulma s\u00fcre\u00e7lerinde gen\u00e7 ku\u015fak ile ya\u015fl\u0131 ku\u015faklar aras\u0131nda y\u00f6netim modellerinin nas\u0131ll\u0131\u011fma y\u00f6nelik tart\u0131\u015fmalara \u015fahit olduk, oluyoruz. Baz\u0131 \u00fclkelerde \u00e7evrelerinde ba\u011fl\u0131l\u0131klar\u0131n\u0131 ifade eden birka\u00e7 bin ki\u015finin varl\u0131\u011f\u0131yla beraber kendisini M\u00fcsl\u00fcmanlar\u0131n halifesi ilan eden ki\u015fileri g\u00f6rd\u00fck. Ayn\u0131 [&hellip;]<\/p>\n","protected":false},"featured_media":21067,"comment_status":"open","ping_status":"closed","template":"","meta":{"_acf_changed":false},"location":[],"product_brand":[],"product_cat":[270,230],"product_tag":[],"class_list":{"0":"post-29525","1":"product","2":"type-product","3":"status-publish","4":"has-post-thumbnail","6":"product_cat-270","7":"product_cat-230","8":"product_author-670","9":"product_genre-706","10":"_wholesalex wsx-wholesalex-product","12":"first","13":"instock","14":"shipping-taxable","15":"purchasable","16":"product-type-simple"},"acf":[],"locations":[],"_links":{"self":[{"href":"https:\/\/ufuknesriyat.wp.sawaftech.com\/tr\/wp-json\/wp\/v2\/product\/29525","targetHints":{"allow":["GET"]}}],"collection":[{"href":"https:\/\/ufuknesriyat.wp.sawaftech.com\/tr\/wp-json\/wp\/v2\/product"}],"about":[{"href":"https:\/\/ufuknesriyat.wp.sawaftech.com\/tr\/wp-json\/wp\/v2\/types\/product"}],"replies":[{"embeddable":true,"href":"https:\/\/ufuknesriyat.wp.sawaftech.com\/tr\/wp-json\/wp\/v2\/comments?post=29525"}],"wp:featuredmedia":[{"embeddable":true,"href":"https:\/\/ufuknesriyat.wp.sawaftech.com\/tr\/wp-json\/wp\/v2\/media\/21067"}],"wp:attachment":[{"href":"https:\/\/ufuknesriyat.wp.sawaftech.com\/tr\/wp-json\/wp\/v2\/media?parent=29525"}],"wp:term":[{"taxonomy":"location","embeddable":true,"href":"https:\/\/ufuknesriyat.wp.sawaftech.com\/tr\/wp-json\/wp\/v2\/location?post=29525"},{"taxonomy":"product_brand","embeddable":true,"href":"https:\/\/ufuknesriyat.wp.sawaftech.com\/tr\/wp-json\/wp\/v2\/product_brand?post=29525"},{"taxonomy":"product_cat","embeddable":true,"href":"https:\/\/ufuknesriyat.wp.sawaftech.com\/tr\/wp-json\/wp\/v2\/product_cat?post=29525"},{"taxonomy":"product_tag","embeddable":true,"href":"https:\/\/ufuknesriyat.wp.sawaftech.com\/tr\/wp-json\/wp\/v2\/product_tag?post=29525"}],"curies":[{"name":"wp","href":"https:\/\/api.w.org\/{rel}","templated":true}]}}