{"id":30021,"date":"2025-05-18T06:57:10","date_gmt":"2025-05-18T06:57:10","guid":{"rendered":"https:\/\/beta.arabfamilybs.com\/product\/acilar-ve-yansimalar\/"},"modified":"2025-09-14T09:27:34","modified_gmt":"2025-09-14T09:27:34","slug":"acilar-ve-yansimalar","status":"publish","type":"product","link":"https:\/\/ufuknesriyat.wp.sawaftech.com\/tr\/product\/acilar-ve-yansimalar\/","title":{"rendered":"A\u00c7ILAR VE YANSIMALAR"},"content":{"rendered":"<p>A\u00c7ILAR VE YANSIMALAR:<br \/>\nBu kitap, hem \u00f6zel hayat\u0131m\u0131zda hem de toplumsal ya\u015fant\u0131m\u0131zda ba\u015far\u0131l\u0131 olmak i\u00e7in edinmemiz gereken temel becerilere odaklan\u0131yor. \u00d6zellikle gelece\u011fimizin teminat\u0131 olan gen\u00e7lerin g\u00f6z ard\u0131 etmemesi gereken bu beceriler, dengeli bir ki\u015fili\u011fin vazge\u00e7ilmez \u00f6zelliklerini ortaya koyuyor.<br \/>\n\u0130nsanlara yol g\u00f6steren, y\u00f6neticilik yapan veya toplumda sayg\u0131n bir konuma sahip ki\u015filer i\u00e7in ise bu kitap bir rehber niteli\u011finde. \u00c7\u00fcnk\u00fc liderler ve \u00f6rnek ki\u015filer, \u00e7evrelerindeki insanlar\u0131n eksikliklerini dile getirme veya hatal\u0131 davran\u0131\u015flar\u0131na dikkat \u00e7ekme konusunda zaman zaman \u00e7ekingenlik ya\u015fayabilir. Bu eser, bu t\u00fcr durumlarda onlara pratik ve etkili \u00e7\u00f6z\u00fcmler sunmay\u0131 hedefliyor.<br \/>\nUnutulmamal\u0131d\u0131r ki, m\u00fcmin m\u00fcminin aynas\u0131d\u0131r. Bu kitap, bireylerin karde\u015flerinin fark\u0131nda olmad\u0131klar\u0131 eksikliklerini g\u00f6r\u00fcp d\u00fczeltmelerine ve g\u00fczel ahlakla donanmalar\u0131na yard\u0131mc\u0131 olma sorumlulu\u011funu hat\u0131rlat\u0131yor.<\/p>\n","protected":false},"excerpt":{"rendered":"<p>\u0632\u0648\u0627\u064a\u0627 \u0648\u0645\u0631\u0627\u064a\u0627 \/ \u062a\u0631\u0643\u064a<\/p>\n","protected":false},"featured_media":24904,"comment_status":"open","ping_status":"closed","template":"","meta":{"_acf_changed":false},"location":[],"product_brand":[],"product_cat":[270,230],"product_tag":[],"class_list":{"0":"post-30021","1":"product","2":"type-product","3":"status-publish","4":"has-post-thumbnail","6":"product_cat-270","7":"product_cat-230","8":"product_author-451","9":"product_genre-706","10":"_wholesalex wsx-wholesalex-product","12":"first","13":"instock","14":"shipping-taxable","15":"purchasable","16":"product-type-simple"},"acf":[],"locations":[],"_links":{"self":[{"href":"https:\/\/ufuknesriyat.wp.sawaftech.com\/tr\/wp-json\/wp\/v2\/product\/30021","targetHints":{"allow":["GET"]}}],"collection":[{"href":"https:\/\/ufuknesriyat.wp.sawaftech.com\/tr\/wp-json\/wp\/v2\/product"}],"about":[{"href":"https:\/\/ufuknesriyat.wp.sawaftech.com\/tr\/wp-json\/wp\/v2\/types\/product"}],"replies":[{"embeddable":true,"href":"https:\/\/ufuknesriyat.wp.sawaftech.com\/tr\/wp-json\/wp\/v2\/comments?post=30021"}],"wp:featuredmedia":[{"embeddable":true,"href":"https:\/\/ufuknesriyat.wp.sawaftech.com\/tr\/wp-json\/wp\/v2\/media\/24904"}],"wp:attachment":[{"href":"https:\/\/ufuknesriyat.wp.sawaftech.com\/tr\/wp-json\/wp\/v2\/media?parent=30021"}],"wp:term":[{"taxonomy":"location","embeddable":true,"href":"https:\/\/ufuknesriyat.wp.sawaftech.com\/tr\/wp-json\/wp\/v2\/location?post=30021"},{"taxonomy":"product_brand","embeddable":true,"href":"https:\/\/ufuknesriyat.wp.sawaftech.com\/tr\/wp-json\/wp\/v2\/product_brand?post=30021"},{"taxonomy":"product_cat","embeddable":true,"href":"https:\/\/ufuknesriyat.wp.sawaftech.com\/tr\/wp-json\/wp\/v2\/product_cat?post=30021"},{"taxonomy":"product_tag","embeddable":true,"href":"https:\/\/ufuknesriyat.wp.sawaftech.com\/tr\/wp-json\/wp\/v2\/product_tag?post=30021"}],"curies":[{"name":"wp","href":"https:\/\/api.w.org\/{rel}","templated":true}]}}